{"id":3021,"date":"2025-11-22T19:20:48","date_gmt":"2025-11-22T19:20:48","guid":{"rendered":"https:\/\/kinderenautos.be\/product\/electric-childrens-car-bmw-m4-12-volt-metallic-gray\/"},"modified":"2025-12-15T14:51:09","modified_gmt":"2025-12-15T14:51:09","slug":"electric-childrens-car-bmw-m4-12-volt-metallic-gray","status":"publish","type":"product","link":"https:\/\/kinderenautos.be\/fr\/produit\/electric-childrens-car-bmw-m4-12-volt-metallic-gray\/","title":{"rendered":"Voiture \u00e9lectrique pour enfants BMW M4 12 volts gris m\u00e9tallis\u00e9"},"content":{"rendered":"","protected":false},"excerpt":{"rendered":"<h2 id=\"tw-target-text\" class=\"tw-data-text tw-text-large tw-ta\" dir=\"ltr\" data-placeholder=\"Vertaling\" data-ved=\"2ahUKEwio28n7nsaNAxW4h_0HHe4GIPwQ3ewLegQICRAV\" aria-label=\"Texte traduit : Mercedes GT3  Voiture \u00e9lectrique pour enfants avec RC Mercedes GT3 AMG Kids Car 12V orange avec t\u00e9l\u00e9commande, si\u00e8ge en cuir, pneus en caoutchouc, musique et ceinture. Luxueuse, s\u00fbre et parfaite pour les enfants jusqu&#039;\u00e0 5 ans !\">Laissez votre enfant profiter d'un plaisir de conduite ultime avec cette voiture \u00e9lectrique BMW M4 pour enfants avec t\u00e9l\u00e9commande.<\/h2>\n<p class=\"tw-data-text tw-text-large tw-ta\" dir=\"ltr\" data-placeholder=\"Vertaling\" data-ved=\"2ahUKEwio28n7nsaNAxW4h_0HHe4GIPwQ3ewLegQICRAV\" aria-label=\"Texte traduit : Mercedes GT3  Voiture \u00e9lectrique pour enfants avec RC Mercedes GT3 AMG Kids Car 12V orange avec t\u00e9l\u00e9commande, si\u00e8ge en cuir, pneus en caoutchouc, musique et ceinture. Luxueuse, s\u00fbre et parfaite pour les enfants jusqu&#039;\u00e0 5 ans !\">Sp\u00e9cialement con\u00e7ue pour les jeunes enfants jusqu'\u00e0 5 ans. Cette voiture sportive pour enfants est officiellement agr\u00e9\u00e9e par BMW.<\/p>","protected":false},"featured_media":3020,"comment_status":"open","ping_status":"closed","template":"","meta":[],"product_brand":[364],"product_cat":[514],"product_tag":[560,559,574,599,557,586],"class_list":{"0":"post-3021","1":"product","2":"type-product","3":"status-publish","4":"has-post-thumbnail","6":"product_brand-bmw","7":"product_cat-bmw","8":"product_tag-1-zit","9":"product_tag-12v","10":"product_tag-24v","11":"product_tag-bmw-m4","12":"product_tag-kinderauto","13":"product_tag-metallic-grey","15":"first","16":"instock","17":"sale","18":"taxable","19":"shipping-taxable","20":"purchasable","21":"product-type-simple"},"yoast_head":"<!-- This site is optimized with the Yoast SEO plugin v27.3 - https:\/\/yoast.com\/product\/yoast-seo-wordpress\/ -->\n<title>Electric children&#039;s car BMW M4 12 volt metallic gray - kinderenautos.be<\/title>\n<meta name=\"robots\" content=\"index, follow, max-snippet:-1, max-image-preview:large, max-video-preview:-1\" \/>\n<link rel=\"canonical\" href=\"https:\/\/kinderenautos.be\/fr\/produit\/electric-childrens-car-bmw-m4-12-volt-metallic-gray\/\" \/>\n<meta property=\"og:locale\" content=\"fr_FR\" \/>\n<meta property=\"og:type\" content=\"article\" \/>\n<meta property=\"og:title\" content=\"Electric children&#039;s car BMW M4 12 volt metallic gray - kinderenautos.be\" \/>\n<meta property=\"og:description\" content=\"Let your child enjoy ultimate driving pleasure with this BMW M4 electric children&#039;s car with remote control. Specially designed for young children up to 5 years. This sporty children&#039;s car is officially licensed by BMW.\" \/>\n<meta property=\"og:url\" content=\"https:\/\/kinderenautos.be\/fr\/produit\/electric-childrens-car-bmw-m4-12-volt-metallic-gray\/\" \/>\n<meta property=\"og:site_name\" content=\"kinderenautos.be\" \/>\n<meta property=\"article:modified_time\" content=\"2025-12-15T14:51:09+00:00\" \/>\n<meta property=\"og:image\" content=\"https:\/\/kinderenautos.be\/wp-content\/uploads\/2025\/11\/Elektrische-kinderauto-BMW-M4-.jpg\" \/>\n\t<meta property=\"og:image:width\" content=\"2048\" \/>\n\t<meta property=\"og:image:height\" content=\"1536\" \/>\n\t<meta property=\"og:image:type\" content=\"image\/jpeg\" \/>\n<meta name=\"twitter:card\" content=\"summary_large_image\" \/>\n<script type=\"application\/ld+json\" class=\"yoast-schema-graph\">{\"@context\":\"https:\\\/\\\/schema.org\",\"@graph\":[{\"@type\":\"WebPage\",\"@id\":\"https:\\\/\\\/kinderenautos.be\\\/product\\\/electric-childrens-car-bmw-m4-12-volt-metallic-gray\\\/\",\"url\":\"https:\\\/\\\/kinderenautos.be\\\/product\\\/electric-childrens-car-bmw-m4-12-volt-metallic-gray\\\/\",\"name\":\"Electric children's car BMW M4 12 volt metallic gray - kinderenautos.be\",\"isPartOf\":{\"@id\":\"https:\\\/\\\/kinderenautos.be\\\/#website\"},\"primaryImageOfPage\":{\"@id\":\"https:\\\/\\\/kinderenautos.be\\\/product\\\/electric-childrens-car-bmw-m4-12-volt-metallic-gray\\\/#primaryimage\"},\"image\":{\"@id\":\"https:\\\/\\\/kinderenautos.be\\\/product\\\/electric-childrens-car-bmw-m4-12-volt-metallic-gray\\\/#primaryimage\"},\"thumbnailUrl\":\"https:\\\/\\\/kinderenautos.be\\\/wp-content\\\/uploads\\\/2025\\\/11\\\/Elektrische-kinderauto-BMW-M4-.jpg\",\"datePublished\":\"2025-11-22T19:20:48+00:00\",\"dateModified\":\"2025-12-15T14:51:09+00:00\",\"breadcrumb\":{\"@id\":\"https:\\\/\\\/kinderenautos.be\\\/product\\\/electric-childrens-car-bmw-m4-12-volt-metallic-gray\\\/#breadcrumb\"},\"inLanguage\":\"fr-BE\",\"potentialAction\":[{\"@type\":\"ReadAction\",\"target\":[\"https:\\\/\\\/kinderenautos.be\\\/product\\\/electric-childrens-car-bmw-m4-12-volt-metallic-gray\\\/\"]}]},{\"@type\":\"ImageObject\",\"inLanguage\":\"fr-BE\",\"@id\":\"https:\\\/\\\/kinderenautos.be\\\/product\\\/electric-childrens-car-bmw-m4-12-volt-metallic-gray\\\/#primaryimage\",\"url\":\"https:\\\/\\\/kinderenautos.be\\\/wp-content\\\/uploads\\\/2025\\\/11\\\/Elektrische-kinderauto-BMW-M4-.jpg\",\"contentUrl\":\"https:\\\/\\\/kinderenautos.be\\\/wp-content\\\/uploads\\\/2025\\\/11\\\/Elektrische-kinderauto-BMW-M4-.jpg\",\"width\":2048,\"height\":1536},{\"@type\":\"BreadcrumbList\",\"@id\":\"https:\\\/\\\/kinderenautos.be\\\/product\\\/electric-childrens-car-bmw-m4-12-volt-metallic-gray\\\/#breadcrumb\",\"itemListElement\":[{\"@type\":\"ListItem\",\"position\":1,\"name\":\"Home\",\"item\":\"https:\\\/\\\/kinderenautos.be\\\/\"},{\"@type\":\"ListItem\",\"position\":2,\"name\":\"Shop\",\"item\":\"https:\\\/\\\/kinderenautos.be\\\/shop\\\/\"},{\"@type\":\"ListItem\",\"position\":3,\"name\":\"Electric children&#8217;s car BMW M4 12 volt metallic gray\"}]},{\"@type\":\"WebSite\",\"@id\":\"https:\\\/\\\/kinderenautos.be\\\/#website\",\"url\":\"https:\\\/\\\/kinderenautos.be\\\/\",\"name\":\"kinderenautos.be\",\"description\":\"\",\"potentialAction\":[{\"@type\":\"SearchAction\",\"target\":{\"@type\":\"EntryPoint\",\"urlTemplate\":\"https:\\\/\\\/kinderenautos.be\\\/?s={search_term_string}\"},\"query-input\":{\"@type\":\"PropertyValueSpecification\",\"valueRequired\":true,\"valueName\":\"search_term_string\"}}],\"inLanguage\":\"fr-BE\"}]}<\/script>\n<!-- \/ Yoast SEO plugin. -->","yoast_head_json":{"title":"Electric children's car BMW M4 12 volt metallic gray - kinderenautos.be","robots":{"index":"index","follow":"follow","max-snippet":"max-snippet:-1","max-image-preview":"max-image-preview:large","max-video-preview":"max-video-preview:-1"},"canonical":"https:\/\/kinderenautos.be\/fr\/produit\/electric-childrens-car-bmw-m4-12-volt-metallic-gray\/","og_locale":"fr_FR","og_type":"article","og_title":"Electric children's car BMW M4 12 volt metallic gray - kinderenautos.be","og_description":"Let your child enjoy ultimate driving pleasure with this BMW M4 electric children's car with remote control. Specially designed for young children up to 5 years. This sporty children's car is officially licensed by BMW.","og_url":"https:\/\/kinderenautos.be\/fr\/produit\/electric-childrens-car-bmw-m4-12-volt-metallic-gray\/","og_site_name":"kinderenautos.be","article_modified_time":"2025-12-15T14:51:09+00:00","og_image":[{"width":2048,"height":1536,"url":"https:\/\/kinderenautos.be\/wp-content\/uploads\/2025\/11\/Elektrische-kinderauto-BMW-M4-.jpg","type":"image\/jpeg"}],"twitter_card":"summary_large_image","schema":{"@context":"https:\/\/schema.org","@graph":[{"@type":"WebPage","@id":"https:\/\/kinderenautos.be\/product\/electric-childrens-car-bmw-m4-12-volt-metallic-gray\/","url":"https:\/\/kinderenautos.be\/product\/electric-childrens-car-bmw-m4-12-volt-metallic-gray\/","name":"Electric children's car BMW M4 12 volt metallic gray - kinderenautos.be","isPartOf":{"@id":"https:\/\/kinderenautos.be\/#website"},"primaryImageOfPage":{"@id":"https:\/\/kinderenautos.be\/product\/electric-childrens-car-bmw-m4-12-volt-metallic-gray\/#primaryimage"},"image":{"@id":"https:\/\/kinderenautos.be\/product\/electric-childrens-car-bmw-m4-12-volt-metallic-gray\/#primaryimage"},"thumbnailUrl":"https:\/\/kinderenautos.be\/wp-content\/uploads\/2025\/11\/Elektrische-kinderauto-BMW-M4-.jpg","datePublished":"2025-11-22T19:20:48+00:00","dateModified":"2025-12-15T14:51:09+00:00","breadcrumb":{"@id":"https:\/\/kinderenautos.be\/product\/electric-childrens-car-bmw-m4-12-volt-metallic-gray\/#breadcrumb"},"inLanguage":"fr-BE","potentialAction":[{"@type":"ReadAction","target":["https:\/\/kinderenautos.be\/product\/electric-childrens-car-bmw-m4-12-volt-metallic-gray\/"]}]},{"@type":"ImageObject","inLanguage":"fr-BE","@id":"https:\/\/kinderenautos.be\/product\/electric-childrens-car-bmw-m4-12-volt-metallic-gray\/#primaryimage","url":"https:\/\/kinderenautos.be\/wp-content\/uploads\/2025\/11\/Elektrische-kinderauto-BMW-M4-.jpg","contentUrl":"https:\/\/kinderenautos.be\/wp-content\/uploads\/2025\/11\/Elektrische-kinderauto-BMW-M4-.jpg","width":2048,"height":1536},{"@type":"BreadcrumbList","@id":"https:\/\/kinderenautos.be\/product\/electric-childrens-car-bmw-m4-12-volt-metallic-gray\/#breadcrumb","itemListElement":[{"@type":"ListItem","position":1,"name":"Home","item":"https:\/\/kinderenautos.be\/"},{"@type":"ListItem","position":2,"name":"Shop","item":"https:\/\/kinderenautos.be\/shop\/"},{"@type":"ListItem","position":3,"name":"Electric children&#8217;s car BMW M4 12 volt metallic gray"}]},{"@type":"WebSite","@id":"https:\/\/kinderenautos.be\/#website","url":"https:\/\/kinderenautos.be\/","name":"kinderenautos.be","description":"","potentialAction":[{"@type":"SearchAction","target":{"@type":"EntryPoint","urlTemplate":"https:\/\/kinderenautos.be\/?s={search_term_string}"},"query-input":{"@type":"PropertyValueSpecification","valueRequired":true,"valueName":"search_term_string"}}],"inLanguage":"fr-BE"}]}},"_links":{"self":[{"href":"https:\/\/kinderenautos.be\/fr\/wp-json\/wp\/v2\/product\/3021","targetHints":{"allow":["GET"]}}],"collection":[{"href":"https:\/\/kinderenautos.be\/fr\/wp-json\/wp\/v2\/product"}],"about":[{"href":"https:\/\/kinderenautos.be\/fr\/wp-json\/wp\/v2\/types\/product"}],"replies":[{"embeddable":true,"href":"https:\/\/kinderenautos.be\/fr\/wp-json\/wp\/v2\/comments?post=3021"}],"version-history":[{"count":1,"href":"https:\/\/kinderenautos.be\/fr\/wp-json\/wp\/v2\/product\/3021\/revisions"}],"predecessor-version":[{"id":3242,"href":"https:\/\/kinderenautos.be\/fr\/wp-json\/wp\/v2\/product\/3021\/revisions\/3242"}],"wp:featuredmedia":[{"embeddable":true,"href":"https:\/\/kinderenautos.be\/fr\/wp-json\/wp\/v2\/media\/3020"}],"wp:attachment":[{"href":"https:\/\/kinderenautos.be\/fr\/wp-json\/wp\/v2\/media?parent=3021"}],"wp:term":[{"taxonomy":"product_brand","embeddable":true,"href":"https:\/\/kinderenautos.be\/fr\/wp-json\/wp\/v2\/product_brand?post=3021"},{"taxonomy":"product_cat","embeddable":true,"href":"https:\/\/kinderenautos.be\/fr\/wp-json\/wp\/v2\/product_cat?post=3021"},{"taxonomy":"product_tag","embeddable":true,"href":"https:\/\/kinderenautos.be\/fr\/wp-json\/wp\/v2\/product_tag?post=3021"}],"curies":[{"name":"wp","href":"https:\/\/api.w.org\/{rel}","templated":true}]}}