{"id":3011,"date":"2025-11-22T19:20:37","date_gmt":"2025-11-22T19:20:37","guid":{"rendered":"https:\/\/kinderenautos.be\/product\/childrens-car-mercedes-gt3-amg-12-volts\/"},"modified":"2025-12-15T14:51:09","modified_gmt":"2025-12-15T14:51:09","slug":"childrens-car-mercedes-gt3-amg-12-volts","status":"publish","type":"product","link":"https:\/\/kinderenautos.be\/fr\/produit\/childrens-car-mercedes-gt3-amg-12-volts\/","title":{"rendered":"Children&#8217;s car Mercedes GT3 AMG 12 volts"},"content":{"rendered":"","protected":false},"excerpt":{"rendered":"<h2 id=\"tw-target-text\" class=\"tw-data-text tw-text-large tw-ta\" dir=\"ltr\" data-placeholder=\"Vertaling\" data-ved=\"2ahUKEwio28n7nsaNAxW4h_0HHe4GIPwQ3ewLegQICRAV\" aria-label=\"Texte traduit : Mercedes GT3  Voiture \u00e9lectrique pour enfants avec RC Mercedes GT3 AMG Kids Car 12V orange avec t\u00e9l\u00e9commande, si\u00e8ge en cuir, pneus en caoutchouc, musique et ceinture. Luxueuse, s\u00fbre et parfaite pour les enfants jusqu&#039;\u00e0 5 ans !\"><span class=\"Y2IQFc\" lang=\"en\">Mercedes GT3\u00a0 Electric Kids Car with RC <\/span><\/h2>\n<p class=\"tw-data-text tw-text-large tw-ta\" dir=\"ltr\" data-placeholder=\"Vertaling\" data-ved=\"2ahUKEwio28n7nsaNAxW4h_0HHe4GIPwQ3ewLegQICRAV\" aria-label=\"Texte traduit : Mercedes GT3  Voiture \u00e9lectrique pour enfants avec RC Mercedes GT3 AMG Kids Car 12V orange avec t\u00e9l\u00e9commande, si\u00e8ge en cuir, pneus en caoutchouc, musique et ceinture. Luxueuse, s\u00fbre et parfaite pour les enfants jusqu&#039;\u00e0 5 ans !\"><span class=\"Y2IQFc\" lang=\"en\">Mercedes GT3 AMG Kids Car 12V in Orange with Remote Control, Leather Seat, Rubber Tires, Music and Belt. Luxurious, Safe and Perfect for Kids up to 5 Years!<\/span><\/p>","protected":false},"featured_media":3010,"comment_status":"open","ping_status":"closed","template":"","meta":[],"product_brand":[357],"product_cat":[507],"product_tag":[560,559,557,562,600],"class_list":{"0":"post-3011","1":"product","2":"type-product","3":"status-publish","4":"has-post-thumbnail","6":"product_brand-mercedes","7":"product_cat-mercedes","8":"product_tag-1-zit","9":"product_tag-12v","10":"product_tag-kinderauto","11":"product_tag-mercedes-gt3","12":"product_tag-orange","14":"first","15":"instock","16":"sale","17":"taxable","18":"shipping-taxable","19":"purchasable","20":"product-type-simple"},"yoast_head":"<!-- This site is optimized with the Yoast SEO plugin v27.3 - https:\/\/yoast.com\/product\/yoast-seo-wordpress\/ -->\n<title>Children&#039;s car Mercedes GT3 AMG 12 volts - kinderenautos.be<\/title>\n<meta name=\"robots\" content=\"index, follow, max-snippet:-1, max-image-preview:large, max-video-preview:-1\" \/>\n<link rel=\"canonical\" href=\"https:\/\/kinderenautos.be\/fr\/produit\/childrens-car-mercedes-gt3-amg-12-volts\/\" \/>\n<meta property=\"og:locale\" content=\"fr_FR\" \/>\n<meta property=\"og:type\" content=\"article\" \/>\n<meta property=\"og:title\" content=\"Children&#039;s car Mercedes GT3 AMG 12 volts - kinderenautos.be\" \/>\n<meta property=\"og:description\" content=\"Mercedes GT3\u00a0 Electric Kids Car with RC  Mercedes GT3 AMG Kids Car 12V in Orange with Remote Control, Leather Seat, Rubber Tires, Music and Belt. Luxurious, Safe and Perfect for Kids up to 5 Years!\" \/>\n<meta property=\"og:url\" content=\"https:\/\/kinderenautos.be\/fr\/produit\/childrens-car-mercedes-gt3-amg-12-volts\/\" \/>\n<meta property=\"og:site_name\" content=\"kinderenautos.be\" \/>\n<meta property=\"article:modified_time\" content=\"2025-12-15T14:51:09+00:00\" \/>\n<meta property=\"og:image\" content=\"https:\/\/kinderenautos.be\/wp-content\/uploads\/2025\/11\/Kinderauto-Mercedes-GT3-AMG.jpg\" \/>\n\t<meta property=\"og:image:width\" content=\"2048\" \/>\n\t<meta property=\"og:image:height\" content=\"1536\" \/>\n\t<meta property=\"og:image:type\" content=\"image\/jpeg\" \/>\n<meta name=\"twitter:card\" content=\"summary_large_image\" \/>\n<script type=\"application\/ld+json\" class=\"yoast-schema-graph\">{\"@context\":\"https:\\\/\\\/schema.org\",\"@graph\":[{\"@type\":\"WebPage\",\"@id\":\"https:\\\/\\\/kinderenautos.be\\\/product\\\/childrens-car-mercedes-gt3-amg-12-volts\\\/\",\"url\":\"https:\\\/\\\/kinderenautos.be\\\/product\\\/childrens-car-mercedes-gt3-amg-12-volts\\\/\",\"name\":\"Children's car Mercedes GT3 AMG 12 volts - kinderenautos.be\",\"isPartOf\":{\"@id\":\"https:\\\/\\\/kinderenautos.be\\\/#website\"},\"primaryImageOfPage\":{\"@id\":\"https:\\\/\\\/kinderenautos.be\\\/product\\\/childrens-car-mercedes-gt3-amg-12-volts\\\/#primaryimage\"},\"image\":{\"@id\":\"https:\\\/\\\/kinderenautos.be\\\/product\\\/childrens-car-mercedes-gt3-amg-12-volts\\\/#primaryimage\"},\"thumbnailUrl\":\"https:\\\/\\\/kinderenautos.be\\\/wp-content\\\/uploads\\\/2025\\\/11\\\/Kinderauto-Mercedes-GT3-AMG.jpg\",\"datePublished\":\"2025-11-22T19:20:37+00:00\",\"dateModified\":\"2025-12-15T14:51:09+00:00\",\"breadcrumb\":{\"@id\":\"https:\\\/\\\/kinderenautos.be\\\/product\\\/childrens-car-mercedes-gt3-amg-12-volts\\\/#breadcrumb\"},\"inLanguage\":\"fr-BE\",\"potentialAction\":[{\"@type\":\"ReadAction\",\"target\":[\"https:\\\/\\\/kinderenautos.be\\\/product\\\/childrens-car-mercedes-gt3-amg-12-volts\\\/\"]}]},{\"@type\":\"ImageObject\",\"inLanguage\":\"fr-BE\",\"@id\":\"https:\\\/\\\/kinderenautos.be\\\/product\\\/childrens-car-mercedes-gt3-amg-12-volts\\\/#primaryimage\",\"url\":\"https:\\\/\\\/kinderenautos.be\\\/wp-content\\\/uploads\\\/2025\\\/11\\\/Kinderauto-Mercedes-GT3-AMG.jpg\",\"contentUrl\":\"https:\\\/\\\/kinderenautos.be\\\/wp-content\\\/uploads\\\/2025\\\/11\\\/Kinderauto-Mercedes-GT3-AMG.jpg\",\"width\":2048,\"height\":1536},{\"@type\":\"BreadcrumbList\",\"@id\":\"https:\\\/\\\/kinderenautos.be\\\/product\\\/childrens-car-mercedes-gt3-amg-12-volts\\\/#breadcrumb\",\"itemListElement\":[{\"@type\":\"ListItem\",\"position\":1,\"name\":\"Home\",\"item\":\"https:\\\/\\\/kinderenautos.be\\\/\"},{\"@type\":\"ListItem\",\"position\":2,\"name\":\"Shop\",\"item\":\"https:\\\/\\\/kinderenautos.be\\\/shop\\\/\"},{\"@type\":\"ListItem\",\"position\":3,\"name\":\"Children&#8217;s car Mercedes GT3 AMG 12 volts\"}]},{\"@type\":\"WebSite\",\"@id\":\"https:\\\/\\\/kinderenautos.be\\\/#website\",\"url\":\"https:\\\/\\\/kinderenautos.be\\\/\",\"name\":\"kinderenautos.be\",\"description\":\"\",\"potentialAction\":[{\"@type\":\"SearchAction\",\"target\":{\"@type\":\"EntryPoint\",\"urlTemplate\":\"https:\\\/\\\/kinderenautos.be\\\/?s={search_term_string}\"},\"query-input\":{\"@type\":\"PropertyValueSpecification\",\"valueRequired\":true,\"valueName\":\"search_term_string\"}}],\"inLanguage\":\"fr-BE\"}]}<\/script>\n<!-- \/ Yoast SEO plugin. -->","yoast_head_json":{"title":"Children's car Mercedes GT3 AMG 12 volts - kinderenautos.be","robots":{"index":"index","follow":"follow","max-snippet":"max-snippet:-1","max-image-preview":"max-image-preview:large","max-video-preview":"max-video-preview:-1"},"canonical":"https:\/\/kinderenautos.be\/fr\/produit\/childrens-car-mercedes-gt3-amg-12-volts\/","og_locale":"fr_FR","og_type":"article","og_title":"Children's car Mercedes GT3 AMG 12 volts - kinderenautos.be","og_description":"Mercedes GT3\u00a0 Electric Kids Car with RC  Mercedes GT3 AMG Kids Car 12V in Orange with Remote Control, Leather Seat, Rubber Tires, Music and Belt. Luxurious, Safe and Perfect for Kids up to 5 Years!","og_url":"https:\/\/kinderenautos.be\/fr\/produit\/childrens-car-mercedes-gt3-amg-12-volts\/","og_site_name":"kinderenautos.be","article_modified_time":"2025-12-15T14:51:09+00:00","og_image":[{"width":2048,"height":1536,"url":"https:\/\/kinderenautos.be\/wp-content\/uploads\/2025\/11\/Kinderauto-Mercedes-GT3-AMG.jpg","type":"image\/jpeg"}],"twitter_card":"summary_large_image","schema":{"@context":"https:\/\/schema.org","@graph":[{"@type":"WebPage","@id":"https:\/\/kinderenautos.be\/product\/childrens-car-mercedes-gt3-amg-12-volts\/","url":"https:\/\/kinderenautos.be\/product\/childrens-car-mercedes-gt3-amg-12-volts\/","name":"Children's car Mercedes GT3 AMG 12 volts - kinderenautos.be","isPartOf":{"@id":"https:\/\/kinderenautos.be\/#website"},"primaryImageOfPage":{"@id":"https:\/\/kinderenautos.be\/product\/childrens-car-mercedes-gt3-amg-12-volts\/#primaryimage"},"image":{"@id":"https:\/\/kinderenautos.be\/product\/childrens-car-mercedes-gt3-amg-12-volts\/#primaryimage"},"thumbnailUrl":"https:\/\/kinderenautos.be\/wp-content\/uploads\/2025\/11\/Kinderauto-Mercedes-GT3-AMG.jpg","datePublished":"2025-11-22T19:20:37+00:00","dateModified":"2025-12-15T14:51:09+00:00","breadcrumb":{"@id":"https:\/\/kinderenautos.be\/product\/childrens-car-mercedes-gt3-amg-12-volts\/#breadcrumb"},"inLanguage":"fr-BE","potentialAction":[{"@type":"ReadAction","target":["https:\/\/kinderenautos.be\/product\/childrens-car-mercedes-gt3-amg-12-volts\/"]}]},{"@type":"ImageObject","inLanguage":"fr-BE","@id":"https:\/\/kinderenautos.be\/product\/childrens-car-mercedes-gt3-amg-12-volts\/#primaryimage","url":"https:\/\/kinderenautos.be\/wp-content\/uploads\/2025\/11\/Kinderauto-Mercedes-GT3-AMG.jpg","contentUrl":"https:\/\/kinderenautos.be\/wp-content\/uploads\/2025\/11\/Kinderauto-Mercedes-GT3-AMG.jpg","width":2048,"height":1536},{"@type":"BreadcrumbList","@id":"https:\/\/kinderenautos.be\/product\/childrens-car-mercedes-gt3-amg-12-volts\/#breadcrumb","itemListElement":[{"@type":"ListItem","position":1,"name":"Home","item":"https:\/\/kinderenautos.be\/"},{"@type":"ListItem","position":2,"name":"Shop","item":"https:\/\/kinderenautos.be\/shop\/"},{"@type":"ListItem","position":3,"name":"Children&#8217;s car Mercedes GT3 AMG 12 volts"}]},{"@type":"WebSite","@id":"https:\/\/kinderenautos.be\/#website","url":"https:\/\/kinderenautos.be\/","name":"kinderenautos.be","description":"","potentialAction":[{"@type":"SearchAction","target":{"@type":"EntryPoint","urlTemplate":"https:\/\/kinderenautos.be\/?s={search_term_string}"},"query-input":{"@type":"PropertyValueSpecification","valueRequired":true,"valueName":"search_term_string"}}],"inLanguage":"fr-BE"}]}},"_links":{"self":[{"href":"https:\/\/kinderenautos.be\/fr\/wp-json\/wp\/v2\/product\/3011","targetHints":{"allow":["GET"]}}],"collection":[{"href":"https:\/\/kinderenautos.be\/fr\/wp-json\/wp\/v2\/product"}],"about":[{"href":"https:\/\/kinderenautos.be\/fr\/wp-json\/wp\/v2\/types\/product"}],"replies":[{"embeddable":true,"href":"https:\/\/kinderenautos.be\/fr\/wp-json\/wp\/v2\/comments?post=3011"}],"version-history":[{"count":1,"href":"https:\/\/kinderenautos.be\/fr\/wp-json\/wp\/v2\/product\/3011\/revisions"}],"predecessor-version":[{"id":3263,"href":"https:\/\/kinderenautos.be\/fr\/wp-json\/wp\/v2\/product\/3011\/revisions\/3263"}],"wp:featuredmedia":[{"embeddable":true,"href":"https:\/\/kinderenautos.be\/fr\/wp-json\/wp\/v2\/media\/3010"}],"wp:attachment":[{"href":"https:\/\/kinderenautos.be\/fr\/wp-json\/wp\/v2\/media?parent=3011"}],"wp:term":[{"taxonomy":"product_brand","embeddable":true,"href":"https:\/\/kinderenautos.be\/fr\/wp-json\/wp\/v2\/product_brand?post=3011"},{"taxonomy":"product_cat","embeddable":true,"href":"https:\/\/kinderenautos.be\/fr\/wp-json\/wp\/v2\/product_cat?post=3011"},{"taxonomy":"product_tag","embeddable":true,"href":"https:\/\/kinderenautos.be\/fr\/wp-json\/wp\/v2\/product_tag?post=3011"}],"curies":[{"name":"wp","href":"https:\/\/api.w.org\/{rel}","templated":true}]}}