{"id":2591,"date":"2025-11-22T19:12:25","date_gmt":"2025-11-22T19:12:25","guid":{"rendered":"https:\/\/kinderenautos.be\/product\/childrens-car-bentley-bacalar-12-volt-metallic-green\/"},"modified":"2025-12-15T14:51:11","modified_gmt":"2025-12-15T14:51:11","slug":"childrens-car-bentley-bacalar-12-volt-metallic-green","status":"publish","type":"product","link":"https:\/\/kinderenautos.be\/fr\/produit\/childrens-car-bentley-bacalar-12-volt-metallic-green\/","title":{"rendered":"Children&#8217;s car Bentley Bacalar 12 volt metallic green"},"content":{"rendered":"","protected":false},"excerpt":{"rendered":"<h2>Children&#8217;s Auto Bentley Bacalar 12V metallic green<\/h2>\n<p>Ceci <strong> voiture \u00e9lectrique Bentley pour enfants <\/strong> Convient aux enfants \u00e0 partir de 3 ans environ (en raison de la pr\u00e9sence de petites pi\u00e8ces).<\/p>","protected":false},"featured_media":2590,"comment_status":"open","ping_status":"closed","template":"","meta":[],"product_brand":[],"product_cat":[553,15],"product_tag":[559],"class_list":{"0":"post-2591","1":"product","2":"type-product","3":"status-publish","4":"has-post-thumbnail","6":"product_cat-bentley","7":"product_cat-uncategorized","8":"product_tag-12v","10":"first","11":"instock","12":"sale","13":"taxable","14":"shipping-taxable","15":"purchasable","16":"product-type-simple"},"yoast_head":"<!-- This site is optimized with the Yoast SEO plugin v27.3 - https:\/\/yoast.com\/product\/yoast-seo-wordpress\/ -->\n<title>Children&#039;s car Bentley Bacalar 12 volt metallic green - kinderenautos.be<\/title>\n<meta name=\"robots\" content=\"index, follow, max-snippet:-1, max-image-preview:large, max-video-preview:-1\" \/>\n<link rel=\"canonical\" href=\"https:\/\/kinderenautos.be\/fr\/produit\/childrens-car-bentley-bacalar-12-volt-metallic-green\/\" \/>\n<meta property=\"og:locale\" content=\"fr_FR\" \/>\n<meta property=\"og:type\" content=\"article\" \/>\n<meta property=\"og:title\" content=\"Children&#039;s car Bentley Bacalar 12 volt metallic green - kinderenautos.be\" \/>\n<meta property=\"og:description\" content=\"Children&#039;s Auto Bentley Bacalar 12V metallic green This electric Bentley child car is suitable for children from about 3 years (i.v.m. the use of small parts)\" \/>\n<meta property=\"og:url\" content=\"https:\/\/kinderenautos.be\/fr\/produit\/childrens-car-bentley-bacalar-12-volt-metallic-green\/\" \/>\n<meta property=\"og:site_name\" content=\"kinderenautos.be\" \/>\n<meta property=\"article:modified_time\" content=\"2025-12-15T14:51:11+00:00\" \/>\n<meta property=\"og:image\" content=\"https:\/\/kinderenautos.be\/wp-content\/uploads\/2025\/11\/Kinderauto-Bentley-Bacalar-metallic-groen.jpg\" \/>\n\t<meta property=\"og:image:width\" content=\"2048\" \/>\n\t<meta property=\"og:image:height\" content=\"1536\" \/>\n\t<meta property=\"og:image:type\" content=\"image\/jpeg\" \/>\n<meta name=\"twitter:card\" content=\"summary_large_image\" \/>\n<script type=\"application\/ld+json\" class=\"yoast-schema-graph\">{\"@context\":\"https:\\\/\\\/schema.org\",\"@graph\":[{\"@type\":\"WebPage\",\"@id\":\"https:\\\/\\\/kinderenautos.be\\\/product\\\/childrens-car-bentley-bacalar-12-volt-metallic-green\\\/\",\"url\":\"https:\\\/\\\/kinderenautos.be\\\/product\\\/childrens-car-bentley-bacalar-12-volt-metallic-green\\\/\",\"name\":\"Children's car Bentley Bacalar 12 volt metallic green - kinderenautos.be\",\"isPartOf\":{\"@id\":\"https:\\\/\\\/kinderenautos.be\\\/#website\"},\"primaryImageOfPage\":{\"@id\":\"https:\\\/\\\/kinderenautos.be\\\/product\\\/childrens-car-bentley-bacalar-12-volt-metallic-green\\\/#primaryimage\"},\"image\":{\"@id\":\"https:\\\/\\\/kinderenautos.be\\\/product\\\/childrens-car-bentley-bacalar-12-volt-metallic-green\\\/#primaryimage\"},\"thumbnailUrl\":\"https:\\\/\\\/kinderenautos.be\\\/wp-content\\\/uploads\\\/2025\\\/11\\\/Kinderauto-Bentley-Bacalar-metallic-groen.jpg\",\"datePublished\":\"2025-11-22T19:12:25+00:00\",\"dateModified\":\"2025-12-15T14:51:11+00:00\",\"breadcrumb\":{\"@id\":\"https:\\\/\\\/kinderenautos.be\\\/product\\\/childrens-car-bentley-bacalar-12-volt-metallic-green\\\/#breadcrumb\"},\"inLanguage\":\"fr-BE\",\"potentialAction\":[{\"@type\":\"ReadAction\",\"target\":[\"https:\\\/\\\/kinderenautos.be\\\/product\\\/childrens-car-bentley-bacalar-12-volt-metallic-green\\\/\"]}]},{\"@type\":\"ImageObject\",\"inLanguage\":\"fr-BE\",\"@id\":\"https:\\\/\\\/kinderenautos.be\\\/product\\\/childrens-car-bentley-bacalar-12-volt-metallic-green\\\/#primaryimage\",\"url\":\"https:\\\/\\\/kinderenautos.be\\\/wp-content\\\/uploads\\\/2025\\\/11\\\/Kinderauto-Bentley-Bacalar-metallic-groen.jpg\",\"contentUrl\":\"https:\\\/\\\/kinderenautos.be\\\/wp-content\\\/uploads\\\/2025\\\/11\\\/Kinderauto-Bentley-Bacalar-metallic-groen.jpg\",\"width\":2048,\"height\":1536},{\"@type\":\"BreadcrumbList\",\"@id\":\"https:\\\/\\\/kinderenautos.be\\\/product\\\/childrens-car-bentley-bacalar-12-volt-metallic-green\\\/#breadcrumb\",\"itemListElement\":[{\"@type\":\"ListItem\",\"position\":1,\"name\":\"Home\",\"item\":\"https:\\\/\\\/kinderenautos.be\\\/\"},{\"@type\":\"ListItem\",\"position\":2,\"name\":\"Shop\",\"item\":\"https:\\\/\\\/kinderenautos.be\\\/shop\\\/\"},{\"@type\":\"ListItem\",\"position\":3,\"name\":\"Children&#8217;s car Bentley Bacalar 12 volt metallic green\"}]},{\"@type\":\"WebSite\",\"@id\":\"https:\\\/\\\/kinderenautos.be\\\/#website\",\"url\":\"https:\\\/\\\/kinderenautos.be\\\/\",\"name\":\"kinderenautos.be\",\"description\":\"\",\"potentialAction\":[{\"@type\":\"SearchAction\",\"target\":{\"@type\":\"EntryPoint\",\"urlTemplate\":\"https:\\\/\\\/kinderenautos.be\\\/?s={search_term_string}\"},\"query-input\":{\"@type\":\"PropertyValueSpecification\",\"valueRequired\":true,\"valueName\":\"search_term_string\"}}],\"inLanguage\":\"fr-BE\"}]}<\/script>\n<!-- \/ Yoast SEO plugin. -->","yoast_head_json":{"title":"Children's car Bentley Bacalar 12 volt metallic green - kinderenautos.be","robots":{"index":"index","follow":"follow","max-snippet":"max-snippet:-1","max-image-preview":"max-image-preview:large","max-video-preview":"max-video-preview:-1"},"canonical":"https:\/\/kinderenautos.be\/fr\/produit\/childrens-car-bentley-bacalar-12-volt-metallic-green\/","og_locale":"fr_FR","og_type":"article","og_title":"Children's car Bentley Bacalar 12 volt metallic green - kinderenautos.be","og_description":"Children's Auto Bentley Bacalar 12V metallic green This electric Bentley child car is suitable for children from about 3 years (i.v.m. the use of small parts)","og_url":"https:\/\/kinderenautos.be\/fr\/produit\/childrens-car-bentley-bacalar-12-volt-metallic-green\/","og_site_name":"kinderenautos.be","article_modified_time":"2025-12-15T14:51:11+00:00","og_image":[{"width":2048,"height":1536,"url":"https:\/\/kinderenautos.be\/wp-content\/uploads\/2025\/11\/Kinderauto-Bentley-Bacalar-metallic-groen.jpg","type":"image\/jpeg"}],"twitter_card":"summary_large_image","schema":{"@context":"https:\/\/schema.org","@graph":[{"@type":"WebPage","@id":"https:\/\/kinderenautos.be\/product\/childrens-car-bentley-bacalar-12-volt-metallic-green\/","url":"https:\/\/kinderenautos.be\/product\/childrens-car-bentley-bacalar-12-volt-metallic-green\/","name":"Children's car Bentley Bacalar 12 volt metallic green - kinderenautos.be","isPartOf":{"@id":"https:\/\/kinderenautos.be\/#website"},"primaryImageOfPage":{"@id":"https:\/\/kinderenautos.be\/product\/childrens-car-bentley-bacalar-12-volt-metallic-green\/#primaryimage"},"image":{"@id":"https:\/\/kinderenautos.be\/product\/childrens-car-bentley-bacalar-12-volt-metallic-green\/#primaryimage"},"thumbnailUrl":"https:\/\/kinderenautos.be\/wp-content\/uploads\/2025\/11\/Kinderauto-Bentley-Bacalar-metallic-groen.jpg","datePublished":"2025-11-22T19:12:25+00:00","dateModified":"2025-12-15T14:51:11+00:00","breadcrumb":{"@id":"https:\/\/kinderenautos.be\/product\/childrens-car-bentley-bacalar-12-volt-metallic-green\/#breadcrumb"},"inLanguage":"fr-BE","potentialAction":[{"@type":"ReadAction","target":["https:\/\/kinderenautos.be\/product\/childrens-car-bentley-bacalar-12-volt-metallic-green\/"]}]},{"@type":"ImageObject","inLanguage":"fr-BE","@id":"https:\/\/kinderenautos.be\/product\/childrens-car-bentley-bacalar-12-volt-metallic-green\/#primaryimage","url":"https:\/\/kinderenautos.be\/wp-content\/uploads\/2025\/11\/Kinderauto-Bentley-Bacalar-metallic-groen.jpg","contentUrl":"https:\/\/kinderenautos.be\/wp-content\/uploads\/2025\/11\/Kinderauto-Bentley-Bacalar-metallic-groen.jpg","width":2048,"height":1536},{"@type":"BreadcrumbList","@id":"https:\/\/kinderenautos.be\/product\/childrens-car-bentley-bacalar-12-volt-metallic-green\/#breadcrumb","itemListElement":[{"@type":"ListItem","position":1,"name":"Home","item":"https:\/\/kinderenautos.be\/"},{"@type":"ListItem","position":2,"name":"Shop","item":"https:\/\/kinderenautos.be\/shop\/"},{"@type":"ListItem","position":3,"name":"Children&#8217;s car Bentley Bacalar 12 volt metallic green"}]},{"@type":"WebSite","@id":"https:\/\/kinderenautos.be\/#website","url":"https:\/\/kinderenautos.be\/","name":"kinderenautos.be","description":"","potentialAction":[{"@type":"SearchAction","target":{"@type":"EntryPoint","urlTemplate":"https:\/\/kinderenautos.be\/?s={search_term_string}"},"query-input":{"@type":"PropertyValueSpecification","valueRequired":true,"valueName":"search_term_string"}}],"inLanguage":"fr-BE"}]}},"_links":{"self":[{"href":"https:\/\/kinderenautos.be\/fr\/wp-json\/wp\/v2\/product\/2591","targetHints":{"allow":["GET"]}}],"collection":[{"href":"https:\/\/kinderenautos.be\/fr\/wp-json\/wp\/v2\/product"}],"about":[{"href":"https:\/\/kinderenautos.be\/fr\/wp-json\/wp\/v2\/types\/product"}],"replies":[{"embeddable":true,"href":"https:\/\/kinderenautos.be\/fr\/wp-json\/wp\/v2\/comments?post=2591"}],"version-history":[{"count":1,"href":"https:\/\/kinderenautos.be\/fr\/wp-json\/wp\/v2\/product\/2591\/revisions"}],"predecessor-version":[{"id":3124,"href":"https:\/\/kinderenautos.be\/fr\/wp-json\/wp\/v2\/product\/2591\/revisions\/3124"}],"wp:featuredmedia":[{"embeddable":true,"href":"https:\/\/kinderenautos.be\/fr\/wp-json\/wp\/v2\/media\/2590"}],"wp:attachment":[{"href":"https:\/\/kinderenautos.be\/fr\/wp-json\/wp\/v2\/media?parent=2591"}],"wp:term":[{"taxonomy":"product_brand","embeddable":true,"href":"https:\/\/kinderenautos.be\/fr\/wp-json\/wp\/v2\/product_brand?post=2591"},{"taxonomy":"product_cat","embeddable":true,"href":"https:\/\/kinderenautos.be\/fr\/wp-json\/wp\/v2\/product_cat?post=2591"},{"taxonomy":"product_tag","embeddable":true,"href":"https:\/\/kinderenautos.be\/fr\/wp-json\/wp\/v2\/product_tag?post=2591"}],"curies":[{"name":"wp","href":"https:\/\/api.w.org\/{rel}","templated":true}]}}