{"id":2540,"date":"2025-11-22T19:11:38","date_gmt":"2025-11-22T19:11:38","guid":{"rendered":"https:\/\/kinderenautos.be\/product\/battery-childrens-car-audi-rs6-12-volt-pink\/"},"modified":"2026-01-01T17:35:03","modified_gmt":"2026-01-01T17:35:03","slug":"battery-childrens-car-audi-rs6-12-volt-pink","status":"publish","type":"product","link":"https:\/\/kinderenautos.be\/fr\/produit\/battery-childrens-car-audi-rs6-12-volt-pink\/","title":{"rendered":"Audi RS6 12 volts rose"},"content":{"rendered":"","protected":false},"excerpt":{"rendered":"<h2>Voiture \u00e9lectrique pour enfants Audi RS6 rose<\/h2>\n<p>La voiture pour enfants Audi RS6 \u00e0 batterie a \u00e9t\u00e9 d\u00e9velopp\u00e9e sous licence par Audi. Convient aux enfants \u00e0 partir de 3 ans environ (en raison de la pr\u00e9sence de petites pi\u00e8ces).<\/p>","protected":false},"featured_media":2539,"comment_status":"open","ping_status":"closed","template":"","meta":[],"product_brand":[378],"product_cat":[528],"product_tag":[560,559,635,557,561],"class_list":{"0":"post-2540","1":"product","2":"type-product","3":"status-publish","4":"has-post-thumbnail","6":"product_brand-audi","7":"product_cat-audi","8":"product_tag-1-zit","9":"product_tag-12v","10":"product_tag-audi-porsche-rs6","11":"product_tag-kinderauto","12":"product_tag-pink","14":"first","15":"instock","16":"sale","17":"taxable","18":"shipping-taxable","19":"purchasable","20":"product-type-simple"},"yoast_head":"<!-- This site is optimized with the Yoast SEO plugin v27.3 - https:\/\/yoast.com\/product\/yoast-seo-wordpress\/ -->\n<title>Audi RS6 12 volt pink - kinderenautos.be<\/title>\n<meta name=\"robots\" content=\"index, follow, max-snippet:-1, max-image-preview:large, max-video-preview:-1\" \/>\n<link rel=\"canonical\" href=\"https:\/\/kinderenautos.be\/fr\/produit\/battery-childrens-car-audi-rs6-12-volt-pink\/\" \/>\n<meta property=\"og:locale\" content=\"fr_FR\" \/>\n<meta property=\"og:type\" content=\"article\" \/>\n<meta property=\"og:title\" content=\"Audi RS6 12 volt pink - kinderenautos.be\" \/>\n<meta property=\"og:description\" content=\"Battery children&#039;s car Audi RS6 pink The battery-powered children&#039;s car Audi RS6 was developed under license from Audi itself. Suitable for children from approx. 3 years (due to the use of small parts).\" \/>\n<meta property=\"og:url\" content=\"https:\/\/kinderenautos.be\/fr\/produit\/battery-childrens-car-audi-rs6-12-volt-pink\/\" \/>\n<meta property=\"og:site_name\" content=\"kinderenautos.be\" \/>\n<meta property=\"article:modified_time\" content=\"2026-01-01T17:35:03+00:00\" \/>\n<meta property=\"og:image\" content=\"https:\/\/kinderenautos.be\/wp-content\/uploads\/2025\/11\/Kinderauto-Audi-RS-6-roze-.jpg\" \/>\n\t<meta property=\"og:image:width\" content=\"2048\" \/>\n\t<meta property=\"og:image:height\" content=\"1639\" \/>\n\t<meta property=\"og:image:type\" content=\"image\/jpeg\" \/>\n<meta name=\"twitter:card\" content=\"summary_large_image\" \/>\n<script type=\"application\/ld+json\" class=\"yoast-schema-graph\">{\"@context\":\"https:\\\/\\\/schema.org\",\"@graph\":[{\"@type\":\"WebPage\",\"@id\":\"https:\\\/\\\/kinderenautos.be\\\/product\\\/battery-childrens-car-audi-rs6-12-volt-pink\\\/\",\"url\":\"https:\\\/\\\/kinderenautos.be\\\/product\\\/battery-childrens-car-audi-rs6-12-volt-pink\\\/\",\"name\":\"Audi RS6 12 volt pink - kinderenautos.be\",\"isPartOf\":{\"@id\":\"https:\\\/\\\/kinderenautos.be\\\/#website\"},\"primaryImageOfPage\":{\"@id\":\"https:\\\/\\\/kinderenautos.be\\\/product\\\/battery-childrens-car-audi-rs6-12-volt-pink\\\/#primaryimage\"},\"image\":{\"@id\":\"https:\\\/\\\/kinderenautos.be\\\/product\\\/battery-childrens-car-audi-rs6-12-volt-pink\\\/#primaryimage\"},\"thumbnailUrl\":\"https:\\\/\\\/kinderenautos.be\\\/wp-content\\\/uploads\\\/2025\\\/11\\\/Kinderauto-Audi-RS-6-roze-.jpg\",\"datePublished\":\"2025-11-22T19:11:38+00:00\",\"dateModified\":\"2026-01-01T17:35:03+00:00\",\"breadcrumb\":{\"@id\":\"https:\\\/\\\/kinderenautos.be\\\/product\\\/battery-childrens-car-audi-rs6-12-volt-pink\\\/#breadcrumb\"},\"inLanguage\":\"fr-BE\",\"potentialAction\":[{\"@type\":\"ReadAction\",\"target\":[\"https:\\\/\\\/kinderenautos.be\\\/product\\\/battery-childrens-car-audi-rs6-12-volt-pink\\\/\"]}]},{\"@type\":\"ImageObject\",\"inLanguage\":\"fr-BE\",\"@id\":\"https:\\\/\\\/kinderenautos.be\\\/product\\\/battery-childrens-car-audi-rs6-12-volt-pink\\\/#primaryimage\",\"url\":\"https:\\\/\\\/kinderenautos.be\\\/wp-content\\\/uploads\\\/2025\\\/11\\\/Kinderauto-Audi-RS-6-roze-.jpg\",\"contentUrl\":\"https:\\\/\\\/kinderenautos.be\\\/wp-content\\\/uploads\\\/2025\\\/11\\\/Kinderauto-Audi-RS-6-roze-.jpg\",\"width\":2048,\"height\":1639},{\"@type\":\"BreadcrumbList\",\"@id\":\"https:\\\/\\\/kinderenautos.be\\\/product\\\/battery-childrens-car-audi-rs6-12-volt-pink\\\/#breadcrumb\",\"itemListElement\":[{\"@type\":\"ListItem\",\"position\":1,\"name\":\"Home\",\"item\":\"https:\\\/\\\/kinderenautos.be\\\/\"},{\"@type\":\"ListItem\",\"position\":2,\"name\":\"Shop\",\"item\":\"https:\\\/\\\/kinderenautos.be\\\/shop\\\/\"},{\"@type\":\"ListItem\",\"position\":3,\"name\":\"Audi RS6 12 volt pink\"}]},{\"@type\":\"WebSite\",\"@id\":\"https:\\\/\\\/kinderenautos.be\\\/#website\",\"url\":\"https:\\\/\\\/kinderenautos.be\\\/\",\"name\":\"kinderenautos.be\",\"description\":\"\",\"potentialAction\":[{\"@type\":\"SearchAction\",\"target\":{\"@type\":\"EntryPoint\",\"urlTemplate\":\"https:\\\/\\\/kinderenautos.be\\\/?s={search_term_string}\"},\"query-input\":{\"@type\":\"PropertyValueSpecification\",\"valueRequired\":true,\"valueName\":\"search_term_string\"}}],\"inLanguage\":\"fr-BE\"}]}<\/script>\n<!-- \/ Yoast SEO plugin. -->","yoast_head_json":{"title":"Audi RS6 12 volt pink - kinderenautos.be","robots":{"index":"index","follow":"follow","max-snippet":"max-snippet:-1","max-image-preview":"max-image-preview:large","max-video-preview":"max-video-preview:-1"},"canonical":"https:\/\/kinderenautos.be\/fr\/produit\/battery-childrens-car-audi-rs6-12-volt-pink\/","og_locale":"fr_FR","og_type":"article","og_title":"Audi RS6 12 volt pink - kinderenautos.be","og_description":"Battery children's car Audi RS6 pink The battery-powered children's car Audi RS6 was developed under license from Audi itself. Suitable for children from approx. 3 years (due to the use of small parts).","og_url":"https:\/\/kinderenautos.be\/fr\/produit\/battery-childrens-car-audi-rs6-12-volt-pink\/","og_site_name":"kinderenautos.be","article_modified_time":"2026-01-01T17:35:03+00:00","og_image":[{"width":2048,"height":1639,"url":"https:\/\/kinderenautos.be\/wp-content\/uploads\/2025\/11\/Kinderauto-Audi-RS-6-roze-.jpg","type":"image\/jpeg"}],"twitter_card":"summary_large_image","schema":{"@context":"https:\/\/schema.org","@graph":[{"@type":"WebPage","@id":"https:\/\/kinderenautos.be\/product\/battery-childrens-car-audi-rs6-12-volt-pink\/","url":"https:\/\/kinderenautos.be\/product\/battery-childrens-car-audi-rs6-12-volt-pink\/","name":"Audi RS6 12 volt pink - kinderenautos.be","isPartOf":{"@id":"https:\/\/kinderenautos.be\/#website"},"primaryImageOfPage":{"@id":"https:\/\/kinderenautos.be\/product\/battery-childrens-car-audi-rs6-12-volt-pink\/#primaryimage"},"image":{"@id":"https:\/\/kinderenautos.be\/product\/battery-childrens-car-audi-rs6-12-volt-pink\/#primaryimage"},"thumbnailUrl":"https:\/\/kinderenautos.be\/wp-content\/uploads\/2025\/11\/Kinderauto-Audi-RS-6-roze-.jpg","datePublished":"2025-11-22T19:11:38+00:00","dateModified":"2026-01-01T17:35:03+00:00","breadcrumb":{"@id":"https:\/\/kinderenautos.be\/product\/battery-childrens-car-audi-rs6-12-volt-pink\/#breadcrumb"},"inLanguage":"fr-BE","potentialAction":[{"@type":"ReadAction","target":["https:\/\/kinderenautos.be\/product\/battery-childrens-car-audi-rs6-12-volt-pink\/"]}]},{"@type":"ImageObject","inLanguage":"fr-BE","@id":"https:\/\/kinderenautos.be\/product\/battery-childrens-car-audi-rs6-12-volt-pink\/#primaryimage","url":"https:\/\/kinderenautos.be\/wp-content\/uploads\/2025\/11\/Kinderauto-Audi-RS-6-roze-.jpg","contentUrl":"https:\/\/kinderenautos.be\/wp-content\/uploads\/2025\/11\/Kinderauto-Audi-RS-6-roze-.jpg","width":2048,"height":1639},{"@type":"BreadcrumbList","@id":"https:\/\/kinderenautos.be\/product\/battery-childrens-car-audi-rs6-12-volt-pink\/#breadcrumb","itemListElement":[{"@type":"ListItem","position":1,"name":"Home","item":"https:\/\/kinderenautos.be\/"},{"@type":"ListItem","position":2,"name":"Shop","item":"https:\/\/kinderenautos.be\/shop\/"},{"@type":"ListItem","position":3,"name":"Audi RS6 12 volt pink"}]},{"@type":"WebSite","@id":"https:\/\/kinderenautos.be\/#website","url":"https:\/\/kinderenautos.be\/","name":"kinderenautos.be","description":"","potentialAction":[{"@type":"SearchAction","target":{"@type":"EntryPoint","urlTemplate":"https:\/\/kinderenautos.be\/?s={search_term_string}"},"query-input":{"@type":"PropertyValueSpecification","valueRequired":true,"valueName":"search_term_string"}}],"inLanguage":"fr-BE"}]}},"_links":{"self":[{"href":"https:\/\/kinderenautos.be\/fr\/wp-json\/wp\/v2\/product\/2540","targetHints":{"allow":["GET"]}}],"collection":[{"href":"https:\/\/kinderenautos.be\/fr\/wp-json\/wp\/v2\/product"}],"about":[{"href":"https:\/\/kinderenautos.be\/fr\/wp-json\/wp\/v2\/types\/product"}],"replies":[{"embeddable":true,"href":"https:\/\/kinderenautos.be\/fr\/wp-json\/wp\/v2\/comments?post=2540"}],"version-history":[{"count":2,"href":"https:\/\/kinderenautos.be\/fr\/wp-json\/wp\/v2\/product\/2540\/revisions"}],"predecessor-version":[{"id":3853,"href":"https:\/\/kinderenautos.be\/fr\/wp-json\/wp\/v2\/product\/2540\/revisions\/3853"}],"wp:featuredmedia":[{"embeddable":true,"href":"https:\/\/kinderenautos.be\/fr\/wp-json\/wp\/v2\/media\/2539"}],"wp:attachment":[{"href":"https:\/\/kinderenautos.be\/fr\/wp-json\/wp\/v2\/media?parent=2540"}],"wp:term":[{"taxonomy":"product_brand","embeddable":true,"href":"https:\/\/kinderenautos.be\/fr\/wp-json\/wp\/v2\/product_brand?post=2540"},{"taxonomy":"product_cat","embeddable":true,"href":"https:\/\/kinderenautos.be\/fr\/wp-json\/wp\/v2\/product_cat?post=2540"},{"taxonomy":"product_tag","embeddable":true,"href":"https:\/\/kinderenautos.be\/fr\/wp-json\/wp\/v2\/product_tag?post=2540"}],"curies":[{"name":"wp","href":"https:\/\/api.w.org\/{rel}","templated":true}]}}