{"id":2063,"date":"2025-11-22T19:01:51","date_gmt":"2025-11-22T19:01:51","guid":{"rendered":"https:\/\/kinderenautos.be\/product\/lamborghini-huracan-electric-childrens-car-12-volts-with-remote-control\/"},"modified":"2025-12-15T14:51:13","modified_gmt":"2025-12-15T14:51:13","slug":"lamborghini-huracan-electric-childrens-car-12-volts-with-remote-control","status":"publish","type":"product","link":"https:\/\/kinderenautos.be\/fr\/produit\/lamborghini-huracan-electric-childrens-car-12-volts-with-remote-control\/","title":{"rendered":"Lamborghini Huracan electric children&#8217;s car 12 volts with remote control"},"content":{"rendered":"","protected":false},"excerpt":{"rendered":"<h2>Electric children&#8217;s car Lamborghini Huracan 12V metallic red.<\/h2>\n<p>Cette voiture pour enfants Huracan est \u00e9quip\u00e9e d'une t\u00e9l\u00e9commande 2,4 G, de pneus en caoutchouc et d'un si\u00e8ge en cuir. Convient aux enfants \u00e0 partir de 3 ans (en raison de la pr\u00e9sence de petites pi\u00e8ces).<\/p>","protected":false},"featured_media":2062,"comment_status":"open","ping_status":"closed","template":"","meta":[],"product_brand":[367],"product_cat":[517],"product_tag":[560,559,557,638,576],"class_list":{"0":"post-2063","1":"product","2":"type-product","3":"status-publish","4":"has-post-thumbnail","6":"product_brand-lamborghini","7":"product_cat-lamborghini","8":"product_tag-1-zit","9":"product_tag-12v","10":"product_tag-kinderauto","11":"product_tag-lamborghini-huracan","12":"product_tag-metallic-red","14":"first","15":"instock","16":"sale","17":"taxable","18":"shipping-taxable","19":"purchasable","20":"product-type-simple"},"yoast_head":"<!-- This site is optimized with the Yoast SEO plugin v27.3 - https:\/\/yoast.com\/product\/yoast-seo-wordpress\/ -->\n<title>Lamborghini Huracan electric children&#039;s car 12 volts with remote control - kinderenautos.be<\/title>\n<meta name=\"robots\" content=\"index, follow, max-snippet:-1, max-image-preview:large, max-video-preview:-1\" \/>\n<link rel=\"canonical\" href=\"https:\/\/kinderenautos.be\/fr\/produit\/lamborghini-huracan-electric-childrens-car-12-volts-with-remote-control\/\" \/>\n<meta property=\"og:locale\" content=\"fr_FR\" \/>\n<meta property=\"og:type\" content=\"article\" \/>\n<meta property=\"og:title\" content=\"Lamborghini Huracan electric children&#039;s car 12 volts with remote control - kinderenautos.be\" \/>\n<meta property=\"og:description\" content=\"Electric children&#039;s car Lamborghini Huracan 12V metallic red. This Huracan children&#039;s car is equipped with 2.4G remote control, rubber tires and a leather seat. Suitable for children from 3 years old (due to the use of small parts)\" \/>\n<meta property=\"og:url\" content=\"https:\/\/kinderenautos.be\/fr\/produit\/lamborghini-huracan-electric-childrens-car-12-volts-with-remote-control\/\" \/>\n<meta property=\"og:site_name\" content=\"kinderenautos.be\" \/>\n<meta property=\"article:modified_time\" content=\"2025-12-15T14:51:13+00:00\" \/>\n<meta property=\"og:image\" content=\"https:\/\/kinderenautos.be\/wp-content\/uploads\/2025\/11\/Accu-kinderauto-Lamborghini-Huracan.jpg\" \/>\n\t<meta property=\"og:image:width\" content=\"2048\" \/>\n\t<meta property=\"og:image:height\" content=\"1412\" \/>\n\t<meta property=\"og:image:type\" content=\"image\/jpeg\" \/>\n<meta name=\"twitter:card\" content=\"summary_large_image\" \/>\n<script type=\"application\/ld+json\" class=\"yoast-schema-graph\">{\"@context\":\"https:\\\/\\\/schema.org\",\"@graph\":[{\"@type\":\"WebPage\",\"@id\":\"https:\\\/\\\/kinderenautos.be\\\/product\\\/lamborghini-huracan-electric-childrens-car-12-volts-with-remote-control\\\/\",\"url\":\"https:\\\/\\\/kinderenautos.be\\\/product\\\/lamborghini-huracan-electric-childrens-car-12-volts-with-remote-control\\\/\",\"name\":\"Lamborghini Huracan electric children's car 12 volts with remote control - kinderenautos.be\",\"isPartOf\":{\"@id\":\"https:\\\/\\\/kinderenautos.be\\\/#website\"},\"primaryImageOfPage\":{\"@id\":\"https:\\\/\\\/kinderenautos.be\\\/product\\\/lamborghini-huracan-electric-childrens-car-12-volts-with-remote-control\\\/#primaryimage\"},\"image\":{\"@id\":\"https:\\\/\\\/kinderenautos.be\\\/product\\\/lamborghini-huracan-electric-childrens-car-12-volts-with-remote-control\\\/#primaryimage\"},\"thumbnailUrl\":\"https:\\\/\\\/kinderenautos.be\\\/wp-content\\\/uploads\\\/2025\\\/11\\\/Accu-kinderauto-Lamborghini-Huracan.jpg\",\"datePublished\":\"2025-11-22T19:01:51+00:00\",\"dateModified\":\"2025-12-15T14:51:13+00:00\",\"breadcrumb\":{\"@id\":\"https:\\\/\\\/kinderenautos.be\\\/product\\\/lamborghini-huracan-electric-childrens-car-12-volts-with-remote-control\\\/#breadcrumb\"},\"inLanguage\":\"fr-BE\",\"potentialAction\":[{\"@type\":\"ReadAction\",\"target\":[\"https:\\\/\\\/kinderenautos.be\\\/product\\\/lamborghini-huracan-electric-childrens-car-12-volts-with-remote-control\\\/\"]}]},{\"@type\":\"ImageObject\",\"inLanguage\":\"fr-BE\",\"@id\":\"https:\\\/\\\/kinderenautos.be\\\/product\\\/lamborghini-huracan-electric-childrens-car-12-volts-with-remote-control\\\/#primaryimage\",\"url\":\"https:\\\/\\\/kinderenautos.be\\\/wp-content\\\/uploads\\\/2025\\\/11\\\/Accu-kinderauto-Lamborghini-Huracan.jpg\",\"contentUrl\":\"https:\\\/\\\/kinderenautos.be\\\/wp-content\\\/uploads\\\/2025\\\/11\\\/Accu-kinderauto-Lamborghini-Huracan.jpg\",\"width\":2048,\"height\":1412},{\"@type\":\"BreadcrumbList\",\"@id\":\"https:\\\/\\\/kinderenautos.be\\\/product\\\/lamborghini-huracan-electric-childrens-car-12-volts-with-remote-control\\\/#breadcrumb\",\"itemListElement\":[{\"@type\":\"ListItem\",\"position\":1,\"name\":\"Home\",\"item\":\"https:\\\/\\\/kinderenautos.be\\\/\"},{\"@type\":\"ListItem\",\"position\":2,\"name\":\"Shop\",\"item\":\"https:\\\/\\\/kinderenautos.be\\\/shop\\\/\"},{\"@type\":\"ListItem\",\"position\":3,\"name\":\"Lamborghini Huracan electric children&#8217;s car 12 volts with remote control\"}]},{\"@type\":\"WebSite\",\"@id\":\"https:\\\/\\\/kinderenautos.be\\\/#website\",\"url\":\"https:\\\/\\\/kinderenautos.be\\\/\",\"name\":\"kinderenautos.be\",\"description\":\"\",\"potentialAction\":[{\"@type\":\"SearchAction\",\"target\":{\"@type\":\"EntryPoint\",\"urlTemplate\":\"https:\\\/\\\/kinderenautos.be\\\/?s={search_term_string}\"},\"query-input\":{\"@type\":\"PropertyValueSpecification\",\"valueRequired\":true,\"valueName\":\"search_term_string\"}}],\"inLanguage\":\"fr-BE\"}]}<\/script>\n<!-- \/ Yoast SEO plugin. -->","yoast_head_json":{"title":"Lamborghini Huracan electric children's car 12 volts with remote control - kinderenautos.be","robots":{"index":"index","follow":"follow","max-snippet":"max-snippet:-1","max-image-preview":"max-image-preview:large","max-video-preview":"max-video-preview:-1"},"canonical":"https:\/\/kinderenautos.be\/fr\/produit\/lamborghini-huracan-electric-childrens-car-12-volts-with-remote-control\/","og_locale":"fr_FR","og_type":"article","og_title":"Lamborghini Huracan electric children's car 12 volts with remote control - kinderenautos.be","og_description":"Electric children's car Lamborghini Huracan 12V metallic red. This Huracan children's car is equipped with 2.4G remote control, rubber tires and a leather seat. Suitable for children from 3 years old (due to the use of small parts)","og_url":"https:\/\/kinderenautos.be\/fr\/produit\/lamborghini-huracan-electric-childrens-car-12-volts-with-remote-control\/","og_site_name":"kinderenautos.be","article_modified_time":"2025-12-15T14:51:13+00:00","og_image":[{"width":2048,"height":1412,"url":"https:\/\/kinderenautos.be\/wp-content\/uploads\/2025\/11\/Accu-kinderauto-Lamborghini-Huracan.jpg","type":"image\/jpeg"}],"twitter_card":"summary_large_image","schema":{"@context":"https:\/\/schema.org","@graph":[{"@type":"WebPage","@id":"https:\/\/kinderenautos.be\/product\/lamborghini-huracan-electric-childrens-car-12-volts-with-remote-control\/","url":"https:\/\/kinderenautos.be\/product\/lamborghini-huracan-electric-childrens-car-12-volts-with-remote-control\/","name":"Lamborghini Huracan electric children's car 12 volts with remote control - kinderenautos.be","isPartOf":{"@id":"https:\/\/kinderenautos.be\/#website"},"primaryImageOfPage":{"@id":"https:\/\/kinderenautos.be\/product\/lamborghini-huracan-electric-childrens-car-12-volts-with-remote-control\/#primaryimage"},"image":{"@id":"https:\/\/kinderenautos.be\/product\/lamborghini-huracan-electric-childrens-car-12-volts-with-remote-control\/#primaryimage"},"thumbnailUrl":"https:\/\/kinderenautos.be\/wp-content\/uploads\/2025\/11\/Accu-kinderauto-Lamborghini-Huracan.jpg","datePublished":"2025-11-22T19:01:51+00:00","dateModified":"2025-12-15T14:51:13+00:00","breadcrumb":{"@id":"https:\/\/kinderenautos.be\/product\/lamborghini-huracan-electric-childrens-car-12-volts-with-remote-control\/#breadcrumb"},"inLanguage":"fr-BE","potentialAction":[{"@type":"ReadAction","target":["https:\/\/kinderenautos.be\/product\/lamborghini-huracan-electric-childrens-car-12-volts-with-remote-control\/"]}]},{"@type":"ImageObject","inLanguage":"fr-BE","@id":"https:\/\/kinderenautos.be\/product\/lamborghini-huracan-electric-childrens-car-12-volts-with-remote-control\/#primaryimage","url":"https:\/\/kinderenautos.be\/wp-content\/uploads\/2025\/11\/Accu-kinderauto-Lamborghini-Huracan.jpg","contentUrl":"https:\/\/kinderenautos.be\/wp-content\/uploads\/2025\/11\/Accu-kinderauto-Lamborghini-Huracan.jpg","width":2048,"height":1412},{"@type":"BreadcrumbList","@id":"https:\/\/kinderenautos.be\/product\/lamborghini-huracan-electric-childrens-car-12-volts-with-remote-control\/#breadcrumb","itemListElement":[{"@type":"ListItem","position":1,"name":"Home","item":"https:\/\/kinderenautos.be\/"},{"@type":"ListItem","position":2,"name":"Shop","item":"https:\/\/kinderenautos.be\/shop\/"},{"@type":"ListItem","position":3,"name":"Lamborghini Huracan electric children&#8217;s car 12 volts with remote control"}]},{"@type":"WebSite","@id":"https:\/\/kinderenautos.be\/#website","url":"https:\/\/kinderenautos.be\/","name":"kinderenautos.be","description":"","potentialAction":[{"@type":"SearchAction","target":{"@type":"EntryPoint","urlTemplate":"https:\/\/kinderenautos.be\/?s={search_term_string}"},"query-input":{"@type":"PropertyValueSpecification","valueRequired":true,"valueName":"search_term_string"}}],"inLanguage":"fr-BE"}]}},"_links":{"self":[{"href":"https:\/\/kinderenautos.be\/fr\/wp-json\/wp\/v2\/product\/2063","targetHints":{"allow":["GET"]}}],"collection":[{"href":"https:\/\/kinderenautos.be\/fr\/wp-json\/wp\/v2\/product"}],"about":[{"href":"https:\/\/kinderenautos.be\/fr\/wp-json\/wp\/v2\/types\/product"}],"replies":[{"embeddable":true,"href":"https:\/\/kinderenautos.be\/fr\/wp-json\/wp\/v2\/comments?post=2063"}],"version-history":[{"count":1,"href":"https:\/\/kinderenautos.be\/fr\/wp-json\/wp\/v2\/product\/2063\/revisions"}],"predecessor-version":[{"id":3303,"href":"https:\/\/kinderenautos.be\/fr\/wp-json\/wp\/v2\/product\/2063\/revisions\/3303"}],"wp:featuredmedia":[{"embeddable":true,"href":"https:\/\/kinderenautos.be\/fr\/wp-json\/wp\/v2\/media\/2062"}],"wp:attachment":[{"href":"https:\/\/kinderenautos.be\/fr\/wp-json\/wp\/v2\/media?parent=2063"}],"wp:term":[{"taxonomy":"product_brand","embeddable":true,"href":"https:\/\/kinderenautos.be\/fr\/wp-json\/wp\/v2\/product_brand?post=2063"},{"taxonomy":"product_cat","embeddable":true,"href":"https:\/\/kinderenautos.be\/fr\/wp-json\/wp\/v2\/product_cat?post=2063"},{"taxonomy":"product_tag","embeddable":true,"href":"https:\/\/kinderenautos.be\/fr\/wp-json\/wp\/v2\/product_tag?post=2063"}],"curies":[{"name":"wp","href":"https:\/\/api.w.org\/{rel}","templated":true}]}}