{"id":2021,"date":"2025-11-22T19:01:00","date_gmt":"2025-11-22T19:01:00","guid":{"rendered":"https:\/\/kinderenautos.be\/product\/childrens-car-audi-q8-with-rc-and-12-volt-pink-1-person\/"},"modified":"2025-12-15T14:51:13","modified_gmt":"2025-12-15T14:51:13","slug":"childrens-car-audi-q8-with-rc-and-12-volt-pink-1-person","status":"publish","type":"product","link":"https:\/\/kinderenautos.be\/fr\/produit\/childrens-car-audi-q8-with-rc-and-12-volt-pink-1-person\/","title":{"rendered":"Children&#8217;s car Audi Q8 with RC and 12 volt pink 1 person"},"content":{"rendered":"","protected":false},"excerpt":{"rendered":"<h2 id=\"tw-target-text\" class=\"tw-data-text tw-text-large tw-ta\" dir=\"ltr\" data-placeholder=\"Vertaling\"><span class=\"Y2IQFc\" lang=\"en\">Children&#8217;s car Audi Q8 12 volt 2.4G RC with rubber tires and leather seat.<\/span><\/h2>\n<p class=\"tw-data-text tw-text-large tw-ta\" dir=\"ltr\" data-placeholder=\"Vertaling\"><span class=\"Y2IQFc\" lang=\"en\">Ce mod\u00e8le r\u00e9duit \u00e9lectrique Audi pour enfants, pouvant accueillir une personne, convient aux enfants \u00e2g\u00e9s d'environ 3 ans (en raison de la pr\u00e9sence de petites pi\u00e8ces) \u00e0 environ 4 ou 5 ans. (taille maximale de l'enfant : 110 cm)<\/span><\/p>","protected":false},"featured_media":2020,"comment_status":"open","ping_status":"closed","template":"","meta":[],"product_brand":[],"product_cat":[528,15],"product_tag":[559],"class_list":{"0":"post-2021","1":"product","2":"type-product","3":"status-publish","4":"has-post-thumbnail","6":"product_cat-audi","7":"product_cat-uncategorized","8":"product_tag-12v","10":"first","11":"instock","12":"sale","13":"taxable","14":"shipping-taxable","15":"purchasable","16":"product-type-simple"},"yoast_head":"<!-- This site is optimized with the Yoast SEO plugin v27.3 - https:\/\/yoast.com\/product\/yoast-seo-wordpress\/ -->\n<title>Children&#039;s car Audi Q8 with RC and 12 volt pink 1 person - kinderenautos.be<\/title>\n<meta name=\"robots\" content=\"index, follow, max-snippet:-1, max-image-preview:large, max-video-preview:-1\" \/>\n<link rel=\"canonical\" href=\"https:\/\/kinderenautos.be\/fr\/produit\/childrens-car-audi-q8-with-rc-and-12-volt-pink-1-person\/\" \/>\n<meta property=\"og:locale\" content=\"fr_FR\" \/>\n<meta property=\"og:type\" content=\"article\" \/>\n<meta property=\"og:title\" content=\"Children&#039;s car Audi Q8 with RC and 12 volt pink 1 person - kinderenautos.be\" \/>\n<meta property=\"og:description\" content=\"Children&#039;s car Audi Q8 12 volt 2.4G RC with rubber tires and leather seat. This 1 person electric Audi children&#039;s car mini model is suitable for children from approx. 3 years (due to the use of small parts) to approximately 4 to 5 years. (max height child 110 cm)\" \/>\n<meta property=\"og:url\" content=\"https:\/\/kinderenautos.be\/fr\/produit\/childrens-car-audi-q8-with-rc-and-12-volt-pink-1-person\/\" \/>\n<meta property=\"og:site_name\" content=\"kinderenautos.be\" \/>\n<meta property=\"article:modified_time\" content=\"2025-12-15T14:51:13+00:00\" \/>\n<meta property=\"og:image\" content=\"https:\/\/kinderenautos.be\/wp-content\/uploads\/2025\/11\/Elektrische-kinderauto-Audi-RS-Q8.jpg\" \/>\n\t<meta property=\"og:image:width\" content=\"2048\" \/>\n\t<meta property=\"og:image:height\" content=\"1689\" \/>\n\t<meta property=\"og:image:type\" content=\"image\/jpeg\" \/>\n<meta name=\"twitter:card\" content=\"summary_large_image\" \/>\n<script type=\"application\/ld+json\" class=\"yoast-schema-graph\">{\"@context\":\"https:\\\/\\\/schema.org\",\"@graph\":[{\"@type\":\"WebPage\",\"@id\":\"https:\\\/\\\/kinderenautos.be\\\/product\\\/childrens-car-audi-q8-with-rc-and-12-volt-pink-1-person\\\/\",\"url\":\"https:\\\/\\\/kinderenautos.be\\\/product\\\/childrens-car-audi-q8-with-rc-and-12-volt-pink-1-person\\\/\",\"name\":\"Children's car Audi Q8 with RC and 12 volt pink 1 person - kinderenautos.be\",\"isPartOf\":{\"@id\":\"https:\\\/\\\/kinderenautos.be\\\/#website\"},\"primaryImageOfPage\":{\"@id\":\"https:\\\/\\\/kinderenautos.be\\\/product\\\/childrens-car-audi-q8-with-rc-and-12-volt-pink-1-person\\\/#primaryimage\"},\"image\":{\"@id\":\"https:\\\/\\\/kinderenautos.be\\\/product\\\/childrens-car-audi-q8-with-rc-and-12-volt-pink-1-person\\\/#primaryimage\"},\"thumbnailUrl\":\"https:\\\/\\\/kinderenautos.be\\\/wp-content\\\/uploads\\\/2025\\\/11\\\/Elektrische-kinderauto-Audi-RS-Q8.jpg\",\"datePublished\":\"2025-11-22T19:01:00+00:00\",\"dateModified\":\"2025-12-15T14:51:13+00:00\",\"breadcrumb\":{\"@id\":\"https:\\\/\\\/kinderenautos.be\\\/product\\\/childrens-car-audi-q8-with-rc-and-12-volt-pink-1-person\\\/#breadcrumb\"},\"inLanguage\":\"fr-BE\",\"potentialAction\":[{\"@type\":\"ReadAction\",\"target\":[\"https:\\\/\\\/kinderenautos.be\\\/product\\\/childrens-car-audi-q8-with-rc-and-12-volt-pink-1-person\\\/\"]}]},{\"@type\":\"ImageObject\",\"inLanguage\":\"fr-BE\",\"@id\":\"https:\\\/\\\/kinderenautos.be\\\/product\\\/childrens-car-audi-q8-with-rc-and-12-volt-pink-1-person\\\/#primaryimage\",\"url\":\"https:\\\/\\\/kinderenautos.be\\\/wp-content\\\/uploads\\\/2025\\\/11\\\/Elektrische-kinderauto-Audi-RS-Q8.jpg\",\"contentUrl\":\"https:\\\/\\\/kinderenautos.be\\\/wp-content\\\/uploads\\\/2025\\\/11\\\/Elektrische-kinderauto-Audi-RS-Q8.jpg\",\"width\":2048,\"height\":1689},{\"@type\":\"BreadcrumbList\",\"@id\":\"https:\\\/\\\/kinderenautos.be\\\/product\\\/childrens-car-audi-q8-with-rc-and-12-volt-pink-1-person\\\/#breadcrumb\",\"itemListElement\":[{\"@type\":\"ListItem\",\"position\":1,\"name\":\"Home\",\"item\":\"https:\\\/\\\/kinderenautos.be\\\/\"},{\"@type\":\"ListItem\",\"position\":2,\"name\":\"Shop\",\"item\":\"https:\\\/\\\/kinderenautos.be\\\/shop\\\/\"},{\"@type\":\"ListItem\",\"position\":3,\"name\":\"Children&#8217;s car Audi Q8 with RC and 12 volt pink 1 person\"}]},{\"@type\":\"WebSite\",\"@id\":\"https:\\\/\\\/kinderenautos.be\\\/#website\",\"url\":\"https:\\\/\\\/kinderenautos.be\\\/\",\"name\":\"kinderenautos.be\",\"description\":\"\",\"potentialAction\":[{\"@type\":\"SearchAction\",\"target\":{\"@type\":\"EntryPoint\",\"urlTemplate\":\"https:\\\/\\\/kinderenautos.be\\\/?s={search_term_string}\"},\"query-input\":{\"@type\":\"PropertyValueSpecification\",\"valueRequired\":true,\"valueName\":\"search_term_string\"}}],\"inLanguage\":\"fr-BE\"}]}<\/script>\n<!-- \/ Yoast SEO plugin. -->","yoast_head_json":{"title":"Children's car Audi Q8 with RC and 12 volt pink 1 person - kinderenautos.be","robots":{"index":"index","follow":"follow","max-snippet":"max-snippet:-1","max-image-preview":"max-image-preview:large","max-video-preview":"max-video-preview:-1"},"canonical":"https:\/\/kinderenautos.be\/fr\/produit\/childrens-car-audi-q8-with-rc-and-12-volt-pink-1-person\/","og_locale":"fr_FR","og_type":"article","og_title":"Children's car Audi Q8 with RC and 12 volt pink 1 person - kinderenautos.be","og_description":"Children's car Audi Q8 12 volt 2.4G RC with rubber tires and leather seat. This 1 person electric Audi children's car mini model is suitable for children from approx. 3 years (due to the use of small parts) to approximately 4 to 5 years. (max height child 110 cm)","og_url":"https:\/\/kinderenautos.be\/fr\/produit\/childrens-car-audi-q8-with-rc-and-12-volt-pink-1-person\/","og_site_name":"kinderenautos.be","article_modified_time":"2025-12-15T14:51:13+00:00","og_image":[{"width":2048,"height":1689,"url":"https:\/\/kinderenautos.be\/wp-content\/uploads\/2025\/11\/Elektrische-kinderauto-Audi-RS-Q8.jpg","type":"image\/jpeg"}],"twitter_card":"summary_large_image","schema":{"@context":"https:\/\/schema.org","@graph":[{"@type":"WebPage","@id":"https:\/\/kinderenautos.be\/product\/childrens-car-audi-q8-with-rc-and-12-volt-pink-1-person\/","url":"https:\/\/kinderenautos.be\/product\/childrens-car-audi-q8-with-rc-and-12-volt-pink-1-person\/","name":"Children's car Audi Q8 with RC and 12 volt pink 1 person - kinderenautos.be","isPartOf":{"@id":"https:\/\/kinderenautos.be\/#website"},"primaryImageOfPage":{"@id":"https:\/\/kinderenautos.be\/product\/childrens-car-audi-q8-with-rc-and-12-volt-pink-1-person\/#primaryimage"},"image":{"@id":"https:\/\/kinderenautos.be\/product\/childrens-car-audi-q8-with-rc-and-12-volt-pink-1-person\/#primaryimage"},"thumbnailUrl":"https:\/\/kinderenautos.be\/wp-content\/uploads\/2025\/11\/Elektrische-kinderauto-Audi-RS-Q8.jpg","datePublished":"2025-11-22T19:01:00+00:00","dateModified":"2025-12-15T14:51:13+00:00","breadcrumb":{"@id":"https:\/\/kinderenautos.be\/product\/childrens-car-audi-q8-with-rc-and-12-volt-pink-1-person\/#breadcrumb"},"inLanguage":"fr-BE","potentialAction":[{"@type":"ReadAction","target":["https:\/\/kinderenautos.be\/product\/childrens-car-audi-q8-with-rc-and-12-volt-pink-1-person\/"]}]},{"@type":"ImageObject","inLanguage":"fr-BE","@id":"https:\/\/kinderenautos.be\/product\/childrens-car-audi-q8-with-rc-and-12-volt-pink-1-person\/#primaryimage","url":"https:\/\/kinderenautos.be\/wp-content\/uploads\/2025\/11\/Elektrische-kinderauto-Audi-RS-Q8.jpg","contentUrl":"https:\/\/kinderenautos.be\/wp-content\/uploads\/2025\/11\/Elektrische-kinderauto-Audi-RS-Q8.jpg","width":2048,"height":1689},{"@type":"BreadcrumbList","@id":"https:\/\/kinderenautos.be\/product\/childrens-car-audi-q8-with-rc-and-12-volt-pink-1-person\/#breadcrumb","itemListElement":[{"@type":"ListItem","position":1,"name":"Home","item":"https:\/\/kinderenautos.be\/"},{"@type":"ListItem","position":2,"name":"Shop","item":"https:\/\/kinderenautos.be\/shop\/"},{"@type":"ListItem","position":3,"name":"Children&#8217;s car Audi Q8 with RC and 12 volt pink 1 person"}]},{"@type":"WebSite","@id":"https:\/\/kinderenautos.be\/#website","url":"https:\/\/kinderenautos.be\/","name":"kinderenautos.be","description":"","potentialAction":[{"@type":"SearchAction","target":{"@type":"EntryPoint","urlTemplate":"https:\/\/kinderenautos.be\/?s={search_term_string}"},"query-input":{"@type":"PropertyValueSpecification","valueRequired":true,"valueName":"search_term_string"}}],"inLanguage":"fr-BE"}]}},"_links":{"self":[{"href":"https:\/\/kinderenautos.be\/fr\/wp-json\/wp\/v2\/product\/2021","targetHints":{"allow":["GET"]}}],"collection":[{"href":"https:\/\/kinderenautos.be\/fr\/wp-json\/wp\/v2\/product"}],"about":[{"href":"https:\/\/kinderenautos.be\/fr\/wp-json\/wp\/v2\/types\/product"}],"replies":[{"embeddable":true,"href":"https:\/\/kinderenautos.be\/fr\/wp-json\/wp\/v2\/comments?post=2021"}],"version-history":[{"count":1,"href":"https:\/\/kinderenautos.be\/fr\/wp-json\/wp\/v2\/product\/2021\/revisions"}],"predecessor-version":[{"id":3136,"href":"https:\/\/kinderenautos.be\/fr\/wp-json\/wp\/v2\/product\/2021\/revisions\/3136"}],"wp:featuredmedia":[{"embeddable":true,"href":"https:\/\/kinderenautos.be\/fr\/wp-json\/wp\/v2\/media\/2020"}],"wp:attachment":[{"href":"https:\/\/kinderenautos.be\/fr\/wp-json\/wp\/v2\/media?parent=2021"}],"wp:term":[{"taxonomy":"product_brand","embeddable":true,"href":"https:\/\/kinderenautos.be\/fr\/wp-json\/wp\/v2\/product_brand?post=2021"},{"taxonomy":"product_cat","embeddable":true,"href":"https:\/\/kinderenautos.be\/fr\/wp-json\/wp\/v2\/product_cat?post=2021"},{"taxonomy":"product_tag","embeddable":true,"href":"https:\/\/kinderenautos.be\/fr\/wp-json\/wp\/v2\/product_tag?post=2021"}],"curies":[{"name":"wp","href":"https:\/\/api.w.org\/{rel}","templated":true}]}}