{"id":1924,"date":"2025-11-22T18:59:02","date_gmt":"2025-11-22T18:59:02","guid":{"rendered":"https:\/\/kinderenautos.be\/product\/battery-childrens-quad-spider-12-volts-red\/"},"modified":"2025-12-15T15:08:04","modified_gmt":"2025-12-15T15:08:04","slug":"battery-childrens-quad-spider-12-volts-red","status":"publish","type":"product","link":"https:\/\/kinderenautos.be\/fr\/produit\/battery-childrens-quad-spider-12-volts-red\/","title":{"rendered":"Quad pour enfants Spider 12 volts rouge"},"content":{"rendered":"","protected":false},"excerpt":{"rendered":"<h2>Quad \u00e9lectrique 12 volts pour enfants Spider<\/h2>\n<p>Ce quad pour enfants convient aux enfants \u00e0 partir de 3 ans environ (en raison de la pr\u00e9sence de petites pi\u00e8ces) et est \u00e9quip\u00e9 de feux avant et arri\u00e8re.<\/p>","protected":false},"featured_media":1923,"comment_status":"open","ping_status":"closed","template":"","meta":[],"product_brand":[396],"product_cat":[527],"product_tag":[560,559,582,613,579],"class_list":{"0":"post-1924","1":"product","2":"type-product","3":"status-publish","4":"has-post-thumbnail","6":"product_brand-accessory-battery","7":"product_cat-quad","8":"product_tag-1-zit","9":"product_tag-12v","10":"product_tag-quad-buggy-go-kart","11":"product_tag-quads-12v-standaard","12":"product_tag-red","14":"first","15":"instock","16":"sale","17":"taxable","18":"shipping-taxable","19":"purchasable","20":"product-type-simple"},"yoast_head":"<!-- This site is optimized with the Yoast SEO plugin v27.3 - https:\/\/yoast.com\/product\/yoast-seo-wordpress\/ -->\n<title>Battery children&#039;s quad Spider 12 volts red - kinderenautos.be<\/title>\n<meta name=\"robots\" content=\"index, follow, max-snippet:-1, max-image-preview:large, max-video-preview:-1\" \/>\n<link rel=\"canonical\" href=\"https:\/\/kinderenautos.be\/fr\/produit\/battery-childrens-quad-spider-12-volts-red\/\" \/>\n<meta property=\"og:locale\" content=\"fr_FR\" \/>\n<meta property=\"og:type\" content=\"article\" \/>\n<meta property=\"og:title\" content=\"Battery children&#039;s quad Spider 12 volts red - kinderenautos.be\" \/>\n<meta property=\"og:description\" content=\"12 volt electric kids quad Spider This children&#039;s quad is suitable for children from approx. 3 years (because of the use of small parts) with front and rear lighting.\" \/>\n<meta property=\"og:url\" content=\"https:\/\/kinderenautos.be\/fr\/produit\/battery-childrens-quad-spider-12-volts-red\/\" \/>\n<meta property=\"og:site_name\" content=\"kinderenautos.be\" \/>\n<meta property=\"article:modified_time\" content=\"2025-12-15T15:08:04+00:00\" \/>\n<meta property=\"og:image\" content=\"https:\/\/kinderenautos.be\/wp-content\/uploads\/2025\/11\/Accu-kinder-quad-spider.jpg\" \/>\n\t<meta property=\"og:image:width\" content=\"1863\" \/>\n\t<meta property=\"og:image:height\" content=\"2048\" \/>\n\t<meta property=\"og:image:type\" content=\"image\/jpeg\" \/>\n<meta name=\"twitter:card\" content=\"summary_large_image\" \/>\n<script type=\"application\/ld+json\" class=\"yoast-schema-graph\">{\"@context\":\"https:\\\/\\\/schema.org\",\"@graph\":[{\"@type\":\"WebPage\",\"@id\":\"https:\\\/\\\/kinderenautos.be\\\/product\\\/battery-childrens-quad-spider-12-volts-red\\\/\",\"url\":\"https:\\\/\\\/kinderenautos.be\\\/product\\\/battery-childrens-quad-spider-12-volts-red\\\/\",\"name\":\"Battery children's quad Spider 12 volts red - kinderenautos.be\",\"isPartOf\":{\"@id\":\"https:\\\/\\\/kinderenautos.be\\\/#website\"},\"primaryImageOfPage\":{\"@id\":\"https:\\\/\\\/kinderenautos.be\\\/product\\\/battery-childrens-quad-spider-12-volts-red\\\/#primaryimage\"},\"image\":{\"@id\":\"https:\\\/\\\/kinderenautos.be\\\/product\\\/battery-childrens-quad-spider-12-volts-red\\\/#primaryimage\"},\"thumbnailUrl\":\"https:\\\/\\\/kinderenautos.be\\\/wp-content\\\/uploads\\\/2025\\\/11\\\/Accu-kinder-quad-spider.jpg\",\"datePublished\":\"2025-11-22T18:59:02+00:00\",\"dateModified\":\"2025-12-15T15:08:04+00:00\",\"breadcrumb\":{\"@id\":\"https:\\\/\\\/kinderenautos.be\\\/product\\\/battery-childrens-quad-spider-12-volts-red\\\/#breadcrumb\"},\"inLanguage\":\"fr-BE\",\"potentialAction\":[{\"@type\":\"ReadAction\",\"target\":[\"https:\\\/\\\/kinderenautos.be\\\/product\\\/battery-childrens-quad-spider-12-volts-red\\\/\"]}]},{\"@type\":\"ImageObject\",\"inLanguage\":\"fr-BE\",\"@id\":\"https:\\\/\\\/kinderenautos.be\\\/product\\\/battery-childrens-quad-spider-12-volts-red\\\/#primaryimage\",\"url\":\"https:\\\/\\\/kinderenautos.be\\\/wp-content\\\/uploads\\\/2025\\\/11\\\/Accu-kinder-quad-spider.jpg\",\"contentUrl\":\"https:\\\/\\\/kinderenautos.be\\\/wp-content\\\/uploads\\\/2025\\\/11\\\/Accu-kinder-quad-spider.jpg\",\"width\":1863,\"height\":2048},{\"@type\":\"BreadcrumbList\",\"@id\":\"https:\\\/\\\/kinderenautos.be\\\/product\\\/battery-childrens-quad-spider-12-volts-red\\\/#breadcrumb\",\"itemListElement\":[{\"@type\":\"ListItem\",\"position\":1,\"name\":\"Home\",\"item\":\"https:\\\/\\\/kinderenautos.be\\\/\"},{\"@type\":\"ListItem\",\"position\":2,\"name\":\"Shop\",\"item\":\"https:\\\/\\\/kinderenautos.be\\\/shop\\\/\"},{\"@type\":\"ListItem\",\"position\":3,\"name\":\"Battery children&#8217;s quad Spider 12 volts red\"}]},{\"@type\":\"WebSite\",\"@id\":\"https:\\\/\\\/kinderenautos.be\\\/#website\",\"url\":\"https:\\\/\\\/kinderenautos.be\\\/\",\"name\":\"kinderenautos.be\",\"description\":\"\",\"potentialAction\":[{\"@type\":\"SearchAction\",\"target\":{\"@type\":\"EntryPoint\",\"urlTemplate\":\"https:\\\/\\\/kinderenautos.be\\\/?s={search_term_string}\"},\"query-input\":{\"@type\":\"PropertyValueSpecification\",\"valueRequired\":true,\"valueName\":\"search_term_string\"}}],\"inLanguage\":\"fr-BE\"}]}<\/script>\n<!-- \/ Yoast SEO plugin. -->","yoast_head_json":{"title":"Battery children's quad Spider 12 volts red - kinderenautos.be","robots":{"index":"index","follow":"follow","max-snippet":"max-snippet:-1","max-image-preview":"max-image-preview:large","max-video-preview":"max-video-preview:-1"},"canonical":"https:\/\/kinderenautos.be\/fr\/produit\/battery-childrens-quad-spider-12-volts-red\/","og_locale":"fr_FR","og_type":"article","og_title":"Battery children's quad Spider 12 volts red - kinderenautos.be","og_description":"12 volt electric kids quad Spider This children's quad is suitable for children from approx. 3 years (because of the use of small parts) with front and rear lighting.","og_url":"https:\/\/kinderenautos.be\/fr\/produit\/battery-childrens-quad-spider-12-volts-red\/","og_site_name":"kinderenautos.be","article_modified_time":"2025-12-15T15:08:04+00:00","og_image":[{"width":1863,"height":2048,"url":"https:\/\/kinderenautos.be\/wp-content\/uploads\/2025\/11\/Accu-kinder-quad-spider.jpg","type":"image\/jpeg"}],"twitter_card":"summary_large_image","schema":{"@context":"https:\/\/schema.org","@graph":[{"@type":"WebPage","@id":"https:\/\/kinderenautos.be\/product\/battery-childrens-quad-spider-12-volts-red\/","url":"https:\/\/kinderenautos.be\/product\/battery-childrens-quad-spider-12-volts-red\/","name":"Battery children's quad Spider 12 volts red - kinderenautos.be","isPartOf":{"@id":"https:\/\/kinderenautos.be\/#website"},"primaryImageOfPage":{"@id":"https:\/\/kinderenautos.be\/product\/battery-childrens-quad-spider-12-volts-red\/#primaryimage"},"image":{"@id":"https:\/\/kinderenautos.be\/product\/battery-childrens-quad-spider-12-volts-red\/#primaryimage"},"thumbnailUrl":"https:\/\/kinderenautos.be\/wp-content\/uploads\/2025\/11\/Accu-kinder-quad-spider.jpg","datePublished":"2025-11-22T18:59:02+00:00","dateModified":"2025-12-15T15:08:04+00:00","breadcrumb":{"@id":"https:\/\/kinderenautos.be\/product\/battery-childrens-quad-spider-12-volts-red\/#breadcrumb"},"inLanguage":"fr-BE","potentialAction":[{"@type":"ReadAction","target":["https:\/\/kinderenautos.be\/product\/battery-childrens-quad-spider-12-volts-red\/"]}]},{"@type":"ImageObject","inLanguage":"fr-BE","@id":"https:\/\/kinderenautos.be\/product\/battery-childrens-quad-spider-12-volts-red\/#primaryimage","url":"https:\/\/kinderenautos.be\/wp-content\/uploads\/2025\/11\/Accu-kinder-quad-spider.jpg","contentUrl":"https:\/\/kinderenautos.be\/wp-content\/uploads\/2025\/11\/Accu-kinder-quad-spider.jpg","width":1863,"height":2048},{"@type":"BreadcrumbList","@id":"https:\/\/kinderenautos.be\/product\/battery-childrens-quad-spider-12-volts-red\/#breadcrumb","itemListElement":[{"@type":"ListItem","position":1,"name":"Home","item":"https:\/\/kinderenautos.be\/"},{"@type":"ListItem","position":2,"name":"Shop","item":"https:\/\/kinderenautos.be\/shop\/"},{"@type":"ListItem","position":3,"name":"Battery children&#8217;s quad Spider 12 volts red"}]},{"@type":"WebSite","@id":"https:\/\/kinderenautos.be\/#website","url":"https:\/\/kinderenautos.be\/","name":"kinderenautos.be","description":"","potentialAction":[{"@type":"SearchAction","target":{"@type":"EntryPoint","urlTemplate":"https:\/\/kinderenautos.be\/?s={search_term_string}"},"query-input":{"@type":"PropertyValueSpecification","valueRequired":true,"valueName":"search_term_string"}}],"inLanguage":"fr-BE"}]}},"_links":{"self":[{"href":"https:\/\/kinderenautos.be\/fr\/wp-json\/wp\/v2\/product\/1924","targetHints":{"allow":["GET"]}}],"collection":[{"href":"https:\/\/kinderenautos.be\/fr\/wp-json\/wp\/v2\/product"}],"about":[{"href":"https:\/\/kinderenautos.be\/fr\/wp-json\/wp\/v2\/types\/product"}],"replies":[{"embeddable":true,"href":"https:\/\/kinderenautos.be\/fr\/wp-json\/wp\/v2\/comments?post=1924"}],"version-history":[{"count":1,"href":"https:\/\/kinderenautos.be\/fr\/wp-json\/wp\/v2\/product\/1924\/revisions"}],"predecessor-version":[{"id":3310,"href":"https:\/\/kinderenautos.be\/fr\/wp-json\/wp\/v2\/product\/1924\/revisions\/3310"}],"wp:featuredmedia":[{"embeddable":true,"href":"https:\/\/kinderenautos.be\/fr\/wp-json\/wp\/v2\/media\/1923"}],"wp:attachment":[{"href":"https:\/\/kinderenautos.be\/fr\/wp-json\/wp\/v2\/media?parent=1924"}],"wp:term":[{"taxonomy":"product_brand","embeddable":true,"href":"https:\/\/kinderenautos.be\/fr\/wp-json\/wp\/v2\/product_brand?post=1924"},{"taxonomy":"product_cat","embeddable":true,"href":"https:\/\/kinderenautos.be\/fr\/wp-json\/wp\/v2\/product_cat?post=1924"},{"taxonomy":"product_tag","embeddable":true,"href":"https:\/\/kinderenautos.be\/fr\/wp-json\/wp\/v2\/product_tag?post=1924"}],"curies":[{"name":"wp","href":"https:\/\/api.w.org\/{rel}","templated":true}]}}