{"id":1885,"date":"2025-11-21T19:59:34","date_gmt":"2025-11-21T19:59:34","guid":{"rendered":"https:\/\/kinderenautos.be\/product\/lamborghini-aventador-2-person-24-volt-with-drift-white\/"},"modified":"2025-12-15T14:49:41","modified_gmt":"2025-12-15T14:49:41","slug":"lamborghini-aventador-2-person-24-volt-with-drift-white","status":"publish","type":"product","link":"https:\/\/kinderenautos.be\/fr\/produit\/lamborghini-aventador-2-person-24-volt-with-drift-white\/","title":{"rendered":"Lamborghini Aventador 2 person 24 volt with drift white"},"content":{"rendered":"","protected":false},"excerpt":{"rendered":"<h2>Lamborghini Aventador 2 person 24 volt with drift white<\/h2>\n<p>This Lamborghini Aventador children&#8217;s car 2 person 24 volt with drift is equipped with 2.4G remote control, rubber tires and a leather seat. Suitable for children from 3 years old (due to the use of small parts). <em><strong>Ce produit sera exp\u00e9di\u00e9 dans deux bo\u00eetes en raison des restrictions de poids et de taille. Par cons\u00e9quent, les frais d'exp\u00e9dition seront calcul\u00e9s deux fois.<\/strong><\/em><\/p>","protected":false},"featured_media":1884,"comment_status":"open","ping_status":"closed","template":"","meta":[],"product_brand":[367],"product_cat":[517],"product_tag":[575,574,557,640,611],"class_list":{"0":"post-1885","1":"product","2":"type-product","3":"status-publish","4":"has-post-thumbnail","6":"product_brand-lamborghini","7":"product_cat-lamborghini","8":"product_tag-2-zits","9":"product_tag-24v","10":"product_tag-kinderauto","11":"product_tag-lamborghini-aventador","12":"product_tag-white","14":"first","15":"instock","16":"sale","17":"taxable","18":"shipping-taxable","19":"purchasable","20":"product-type-simple"},"yoast_head":"<!-- This site is optimized with the Yoast SEO plugin v27.3 - https:\/\/yoast.com\/product\/yoast-seo-wordpress\/ -->\n<title>Lamborghini Aventador 2 person 24 volt with drift white - kinderenautos.be<\/title>\n<meta name=\"robots\" content=\"index, follow, max-snippet:-1, max-image-preview:large, max-video-preview:-1\" \/>\n<link rel=\"canonical\" href=\"https:\/\/kinderenautos.be\/fr\/produit\/lamborghini-aventador-2-person-24-volt-with-drift-white\/\" \/>\n<meta property=\"og:locale\" content=\"fr_FR\" \/>\n<meta property=\"og:type\" content=\"article\" \/>\n<meta property=\"og:title\" content=\"Lamborghini Aventador 2 person 24 volt with drift white - kinderenautos.be\" \/>\n<meta property=\"og:description\" content=\"Lamborghini Aventador 2 person 24 volt with drift white This Lamborghini Aventador children&#039;s car 2 person 24 volt with drift is equipped with 2.4G remote control, rubber tires and a leather seat. Suitable for children from 3 years old (due to the use of small parts). This product will be shipped in two boxes due to weight and size restrictions. Therefor there will be two times shipping cost calculated.\" \/>\n<meta property=\"og:url\" content=\"https:\/\/kinderenautos.be\/fr\/produit\/lamborghini-aventador-2-person-24-volt-with-drift-white\/\" \/>\n<meta property=\"og:site_name\" content=\"kinderenautos.be\" \/>\n<meta property=\"article:modified_time\" content=\"2025-12-15T14:49:41+00:00\" \/>\n<meta property=\"og:image\" content=\"https:\/\/kinderenautos.be\/wp-content\/uploads\/2025\/11\/Elektrische-kinderauto-Lamborghini-2-persoons.jpg\" \/>\n\t<meta property=\"og:image:width\" content=\"2048\" \/>\n\t<meta property=\"og:image:height\" content=\"1479\" \/>\n\t<meta property=\"og:image:type\" content=\"image\/jpeg\" \/>\n<meta name=\"twitter:card\" content=\"summary_large_image\" \/>\n<script type=\"application\/ld+json\" class=\"yoast-schema-graph\">{\"@context\":\"https:\\\/\\\/schema.org\",\"@graph\":[{\"@type\":\"WebPage\",\"@id\":\"https:\\\/\\\/kinderenautos.be\\\/product\\\/lamborghini-aventador-2-person-24-volt-with-drift-white\\\/\",\"url\":\"https:\\\/\\\/kinderenautos.be\\\/product\\\/lamborghini-aventador-2-person-24-volt-with-drift-white\\\/\",\"name\":\"Lamborghini Aventador 2 person 24 volt with drift white - kinderenautos.be\",\"isPartOf\":{\"@id\":\"https:\\\/\\\/kinderenautos.be\\\/#website\"},\"primaryImageOfPage\":{\"@id\":\"https:\\\/\\\/kinderenautos.be\\\/product\\\/lamborghini-aventador-2-person-24-volt-with-drift-white\\\/#primaryimage\"},\"image\":{\"@id\":\"https:\\\/\\\/kinderenautos.be\\\/product\\\/lamborghini-aventador-2-person-24-volt-with-drift-white\\\/#primaryimage\"},\"thumbnailUrl\":\"https:\\\/\\\/kinderenautos.be\\\/wp-content\\\/uploads\\\/2025\\\/11\\\/Elektrische-kinderauto-Lamborghini-2-persoons.jpg\",\"datePublished\":\"2025-11-21T19:59:34+00:00\",\"dateModified\":\"2025-12-15T14:49:41+00:00\",\"breadcrumb\":{\"@id\":\"https:\\\/\\\/kinderenautos.be\\\/product\\\/lamborghini-aventador-2-person-24-volt-with-drift-white\\\/#breadcrumb\"},\"inLanguage\":\"fr-BE\",\"potentialAction\":[{\"@type\":\"ReadAction\",\"target\":[\"https:\\\/\\\/kinderenautos.be\\\/product\\\/lamborghini-aventador-2-person-24-volt-with-drift-white\\\/\"]}]},{\"@type\":\"ImageObject\",\"inLanguage\":\"fr-BE\",\"@id\":\"https:\\\/\\\/kinderenautos.be\\\/product\\\/lamborghini-aventador-2-person-24-volt-with-drift-white\\\/#primaryimage\",\"url\":\"https:\\\/\\\/kinderenautos.be\\\/wp-content\\\/uploads\\\/2025\\\/11\\\/Elektrische-kinderauto-Lamborghini-2-persoons.jpg\",\"contentUrl\":\"https:\\\/\\\/kinderenautos.be\\\/wp-content\\\/uploads\\\/2025\\\/11\\\/Elektrische-kinderauto-Lamborghini-2-persoons.jpg\",\"width\":2048,\"height\":1479},{\"@type\":\"BreadcrumbList\",\"@id\":\"https:\\\/\\\/kinderenautos.be\\\/product\\\/lamborghini-aventador-2-person-24-volt-with-drift-white\\\/#breadcrumb\",\"itemListElement\":[{\"@type\":\"ListItem\",\"position\":1,\"name\":\"Home\",\"item\":\"https:\\\/\\\/kinderenautos.be\\\/\"},{\"@type\":\"ListItem\",\"position\":2,\"name\":\"Shop\",\"item\":\"https:\\\/\\\/kinderenautos.be\\\/shop\\\/\"},{\"@type\":\"ListItem\",\"position\":3,\"name\":\"Lamborghini Aventador 2 person 24 volt with drift white\"}]},{\"@type\":\"WebSite\",\"@id\":\"https:\\\/\\\/kinderenautos.be\\\/#website\",\"url\":\"https:\\\/\\\/kinderenautos.be\\\/\",\"name\":\"kinderenautos.be\",\"description\":\"\",\"potentialAction\":[{\"@type\":\"SearchAction\",\"target\":{\"@type\":\"EntryPoint\",\"urlTemplate\":\"https:\\\/\\\/kinderenautos.be\\\/?s={search_term_string}\"},\"query-input\":{\"@type\":\"PropertyValueSpecification\",\"valueRequired\":true,\"valueName\":\"search_term_string\"}}],\"inLanguage\":\"fr-BE\"}]}<\/script>\n<!-- \/ Yoast SEO plugin. -->","yoast_head_json":{"title":"Lamborghini Aventador 2 person 24 volt with drift white - kinderenautos.be","robots":{"index":"index","follow":"follow","max-snippet":"max-snippet:-1","max-image-preview":"max-image-preview:large","max-video-preview":"max-video-preview:-1"},"canonical":"https:\/\/kinderenautos.be\/fr\/produit\/lamborghini-aventador-2-person-24-volt-with-drift-white\/","og_locale":"fr_FR","og_type":"article","og_title":"Lamborghini Aventador 2 person 24 volt with drift white - kinderenautos.be","og_description":"Lamborghini Aventador 2 person 24 volt with drift white This Lamborghini Aventador children's car 2 person 24 volt with drift is equipped with 2.4G remote control, rubber tires and a leather seat. Suitable for children from 3 years old (due to the use of small parts). This product will be shipped in two boxes due to weight and size restrictions. Therefor there will be two times shipping cost calculated.","og_url":"https:\/\/kinderenautos.be\/fr\/produit\/lamborghini-aventador-2-person-24-volt-with-drift-white\/","og_site_name":"kinderenautos.be","article_modified_time":"2025-12-15T14:49:41+00:00","og_image":[{"width":2048,"height":1479,"url":"https:\/\/kinderenautos.be\/wp-content\/uploads\/2025\/11\/Elektrische-kinderauto-Lamborghini-2-persoons.jpg","type":"image\/jpeg"}],"twitter_card":"summary_large_image","schema":{"@context":"https:\/\/schema.org","@graph":[{"@type":"WebPage","@id":"https:\/\/kinderenautos.be\/product\/lamborghini-aventador-2-person-24-volt-with-drift-white\/","url":"https:\/\/kinderenautos.be\/product\/lamborghini-aventador-2-person-24-volt-with-drift-white\/","name":"Lamborghini Aventador 2 person 24 volt with drift white - kinderenautos.be","isPartOf":{"@id":"https:\/\/kinderenautos.be\/#website"},"primaryImageOfPage":{"@id":"https:\/\/kinderenautos.be\/product\/lamborghini-aventador-2-person-24-volt-with-drift-white\/#primaryimage"},"image":{"@id":"https:\/\/kinderenautos.be\/product\/lamborghini-aventador-2-person-24-volt-with-drift-white\/#primaryimage"},"thumbnailUrl":"https:\/\/kinderenautos.be\/wp-content\/uploads\/2025\/11\/Elektrische-kinderauto-Lamborghini-2-persoons.jpg","datePublished":"2025-11-21T19:59:34+00:00","dateModified":"2025-12-15T14:49:41+00:00","breadcrumb":{"@id":"https:\/\/kinderenautos.be\/product\/lamborghini-aventador-2-person-24-volt-with-drift-white\/#breadcrumb"},"inLanguage":"fr-BE","potentialAction":[{"@type":"ReadAction","target":["https:\/\/kinderenautos.be\/product\/lamborghini-aventador-2-person-24-volt-with-drift-white\/"]}]},{"@type":"ImageObject","inLanguage":"fr-BE","@id":"https:\/\/kinderenautos.be\/product\/lamborghini-aventador-2-person-24-volt-with-drift-white\/#primaryimage","url":"https:\/\/kinderenautos.be\/wp-content\/uploads\/2025\/11\/Elektrische-kinderauto-Lamborghini-2-persoons.jpg","contentUrl":"https:\/\/kinderenautos.be\/wp-content\/uploads\/2025\/11\/Elektrische-kinderauto-Lamborghini-2-persoons.jpg","width":2048,"height":1479},{"@type":"BreadcrumbList","@id":"https:\/\/kinderenautos.be\/product\/lamborghini-aventador-2-person-24-volt-with-drift-white\/#breadcrumb","itemListElement":[{"@type":"ListItem","position":1,"name":"Home","item":"https:\/\/kinderenautos.be\/"},{"@type":"ListItem","position":2,"name":"Shop","item":"https:\/\/kinderenautos.be\/shop\/"},{"@type":"ListItem","position":3,"name":"Lamborghini Aventador 2 person 24 volt with drift white"}]},{"@type":"WebSite","@id":"https:\/\/kinderenautos.be\/#website","url":"https:\/\/kinderenautos.be\/","name":"kinderenautos.be","description":"","potentialAction":[{"@type":"SearchAction","target":{"@type":"EntryPoint","urlTemplate":"https:\/\/kinderenautos.be\/?s={search_term_string}"},"query-input":{"@type":"PropertyValueSpecification","valueRequired":true,"valueName":"search_term_string"}}],"inLanguage":"fr-BE"}]}},"_links":{"self":[{"href":"https:\/\/kinderenautos.be\/fr\/wp-json\/wp\/v2\/product\/1885","targetHints":{"allow":["GET"]}}],"collection":[{"href":"https:\/\/kinderenautos.be\/fr\/wp-json\/wp\/v2\/product"}],"about":[{"href":"https:\/\/kinderenautos.be\/fr\/wp-json\/wp\/v2\/types\/product"}],"replies":[{"embeddable":true,"href":"https:\/\/kinderenautos.be\/fr\/wp-json\/wp\/v2\/comments?post=1885"}],"version-history":[{"count":1,"href":"https:\/\/kinderenautos.be\/fr\/wp-json\/wp\/v2\/product\/1885\/revisions"}],"predecessor-version":[{"id":3257,"href":"https:\/\/kinderenautos.be\/fr\/wp-json\/wp\/v2\/product\/1885\/revisions\/3257"}],"wp:featuredmedia":[{"embeddable":true,"href":"https:\/\/kinderenautos.be\/fr\/wp-json\/wp\/v2\/media\/1884"}],"wp:attachment":[{"href":"https:\/\/kinderenautos.be\/fr\/wp-json\/wp\/v2\/media?parent=1885"}],"wp:term":[{"taxonomy":"product_brand","embeddable":true,"href":"https:\/\/kinderenautos.be\/fr\/wp-json\/wp\/v2\/product_brand?post=1885"},{"taxonomy":"product_cat","embeddable":true,"href":"https:\/\/kinderenautos.be\/fr\/wp-json\/wp\/v2\/product_cat?post=1885"},{"taxonomy":"product_tag","embeddable":true,"href":"https:\/\/kinderenautos.be\/fr\/wp-json\/wp\/v2\/product_tag?post=1885"}],"curies":[{"name":"wp","href":"https:\/\/api.w.org\/{rel}","templated":true}]}}