{"id":1874,"date":"2025-11-21T19:59:21","date_gmt":"2025-11-21T19:59:21","guid":{"rendered":"https:\/\/kinderenautos.be\/product\/2-seater-childrens-car-lamborghini-aventador-12v-metallic-black\/"},"modified":"2025-12-15T14:51:14","modified_gmt":"2025-12-15T14:51:14","slug":"2-seater-childrens-car-lamborghini-aventador-12v-metallic-black","status":"publish","type":"product","link":"https:\/\/kinderenautos.be\/fr\/produit\/2-seater-childrens-car-lamborghini-aventador-12v-metallic-black\/","title":{"rendered":"Voiture pour enfants 2 places Lamborghini Aventador 12 V noir m\u00e9tallis\u00e9"},"content":{"rendered":"","protected":false},"excerpt":{"rendered":"<h2>Voiture pour enfants 2 places Lamborghini Aventador 12 volts noir m\u00e9tallis\u00e9.<\/h2>\n<p>Cette voiture Lamborghini Aventador pour enfants pouvant accueillir 2 personnes est \u00e9quip\u00e9e d'une t\u00e9l\u00e9commande 2,4 G, de pneus en caoutchouc et d'un si\u00e8ge en cuir. Convient aux enfants \u00e0 partir de 3 ans (en raison de la pr\u00e9sence de petites pi\u00e8ces). <em><strong>Ce produit sera exp\u00e9di\u00e9 dans deux bo\u00eetes en raison des restrictions de poids et de taille. Par cons\u00e9quent, les frais d'exp\u00e9dition seront calcul\u00e9s deux fois.\u00a0<\/strong><\/em><\/p>","protected":false},"featured_media":1873,"comment_status":"open","ping_status":"closed","template":"","meta":[],"product_brand":[],"product_cat":[517,15],"product_tag":[559],"class_list":{"0":"post-1874","1":"product","2":"type-product","3":"status-publish","4":"has-post-thumbnail","6":"product_cat-lamborghini","7":"product_cat-uncategorized","8":"product_tag-12v","10":"first","11":"instock","12":"sale","13":"taxable","14":"shipping-taxable","15":"purchasable","16":"product-type-simple"},"yoast_head":"<!-- This site is optimized with the Yoast SEO plugin v27.3 - https:\/\/yoast.com\/product\/yoast-seo-wordpress\/ -->\n<title>2 seater children&#039;s car Lamborghini Aventador 12v metallic black - kinderenautos.be<\/title>\n<meta name=\"robots\" content=\"index, follow, max-snippet:-1, max-image-preview:large, max-video-preview:-1\" \/>\n<link rel=\"canonical\" href=\"https:\/\/kinderenautos.be\/fr\/produit\/2-seater-childrens-car-lamborghini-aventador-12v-metallic-black\/\" \/>\n<meta property=\"og:locale\" content=\"fr_FR\" \/>\n<meta property=\"og:type\" content=\"article\" \/>\n<meta property=\"og:title\" content=\"2 seater children&#039;s car Lamborghini Aventador 12v metallic black - kinderenautos.be\" \/>\n<meta property=\"og:description\" content=\"2 seater children&#039;s car Lamborghini Aventador 12 volt metallic black. This Lamborghini Aventador children&#039;s car for 2 persons is equipped with a 2.4G remote control, rubber tires and a leather seat. Suitable for children from 3 years old (due to the use of small parts). This product will be shipped in two boxes due to weight and size restrictions. Therefor there will be two times shipping cost calculated.\u00a0\" \/>\n<meta property=\"og:url\" content=\"https:\/\/kinderenautos.be\/fr\/produit\/2-seater-childrens-car-lamborghini-aventador-12v-metallic-black\/\" \/>\n<meta property=\"og:site_name\" content=\"kinderenautos.be\" \/>\n<meta property=\"article:modified_time\" content=\"2025-12-15T14:51:14+00:00\" \/>\n<meta property=\"og:image\" content=\"https:\/\/kinderenautos.be\/wp-content\/uploads\/2025\/11\/Lamborghini-accu-kinderauto-2-persoons.jpg\" \/>\n\t<meta property=\"og:image:width\" content=\"2048\" \/>\n\t<meta property=\"og:image:height\" content=\"1401\" \/>\n\t<meta property=\"og:image:type\" content=\"image\/jpeg\" \/>\n<meta name=\"twitter:card\" content=\"summary_large_image\" \/>\n<script type=\"application\/ld+json\" class=\"yoast-schema-graph\">{\"@context\":\"https:\\\/\\\/schema.org\",\"@graph\":[{\"@type\":\"WebPage\",\"@id\":\"https:\\\/\\\/kinderenautos.be\\\/product\\\/2-seater-childrens-car-lamborghini-aventador-12v-metallic-black\\\/\",\"url\":\"https:\\\/\\\/kinderenautos.be\\\/product\\\/2-seater-childrens-car-lamborghini-aventador-12v-metallic-black\\\/\",\"name\":\"2 seater children's car Lamborghini Aventador 12v metallic black - kinderenautos.be\",\"isPartOf\":{\"@id\":\"https:\\\/\\\/kinderenautos.be\\\/#website\"},\"primaryImageOfPage\":{\"@id\":\"https:\\\/\\\/kinderenautos.be\\\/product\\\/2-seater-childrens-car-lamborghini-aventador-12v-metallic-black\\\/#primaryimage\"},\"image\":{\"@id\":\"https:\\\/\\\/kinderenautos.be\\\/product\\\/2-seater-childrens-car-lamborghini-aventador-12v-metallic-black\\\/#primaryimage\"},\"thumbnailUrl\":\"https:\\\/\\\/kinderenautos.be\\\/wp-content\\\/uploads\\\/2025\\\/11\\\/Lamborghini-accu-kinderauto-2-persoons.jpg\",\"datePublished\":\"2025-11-21T19:59:21+00:00\",\"dateModified\":\"2025-12-15T14:51:14+00:00\",\"breadcrumb\":{\"@id\":\"https:\\\/\\\/kinderenautos.be\\\/product\\\/2-seater-childrens-car-lamborghini-aventador-12v-metallic-black\\\/#breadcrumb\"},\"inLanguage\":\"fr-BE\",\"potentialAction\":[{\"@type\":\"ReadAction\",\"target\":[\"https:\\\/\\\/kinderenautos.be\\\/product\\\/2-seater-childrens-car-lamborghini-aventador-12v-metallic-black\\\/\"]}]},{\"@type\":\"ImageObject\",\"inLanguage\":\"fr-BE\",\"@id\":\"https:\\\/\\\/kinderenautos.be\\\/product\\\/2-seater-childrens-car-lamborghini-aventador-12v-metallic-black\\\/#primaryimage\",\"url\":\"https:\\\/\\\/kinderenautos.be\\\/wp-content\\\/uploads\\\/2025\\\/11\\\/Lamborghini-accu-kinderauto-2-persoons.jpg\",\"contentUrl\":\"https:\\\/\\\/kinderenautos.be\\\/wp-content\\\/uploads\\\/2025\\\/11\\\/Lamborghini-accu-kinderauto-2-persoons.jpg\",\"width\":2048,\"height\":1401},{\"@type\":\"BreadcrumbList\",\"@id\":\"https:\\\/\\\/kinderenautos.be\\\/product\\\/2-seater-childrens-car-lamborghini-aventador-12v-metallic-black\\\/#breadcrumb\",\"itemListElement\":[{\"@type\":\"ListItem\",\"position\":1,\"name\":\"Home\",\"item\":\"https:\\\/\\\/kinderenautos.be\\\/\"},{\"@type\":\"ListItem\",\"position\":2,\"name\":\"Shop\",\"item\":\"https:\\\/\\\/kinderenautos.be\\\/shop\\\/\"},{\"@type\":\"ListItem\",\"position\":3,\"name\":\"2 seater children&#8217;s car Lamborghini Aventador 12v metallic black\"}]},{\"@type\":\"WebSite\",\"@id\":\"https:\\\/\\\/kinderenautos.be\\\/#website\",\"url\":\"https:\\\/\\\/kinderenautos.be\\\/\",\"name\":\"kinderenautos.be\",\"description\":\"\",\"potentialAction\":[{\"@type\":\"SearchAction\",\"target\":{\"@type\":\"EntryPoint\",\"urlTemplate\":\"https:\\\/\\\/kinderenautos.be\\\/?s={search_term_string}\"},\"query-input\":{\"@type\":\"PropertyValueSpecification\",\"valueRequired\":true,\"valueName\":\"search_term_string\"}}],\"inLanguage\":\"fr-BE\"}]}<\/script>\n<!-- \/ Yoast SEO plugin. -->","yoast_head_json":{"title":"2 seater children's car Lamborghini Aventador 12v metallic black - kinderenautos.be","robots":{"index":"index","follow":"follow","max-snippet":"max-snippet:-1","max-image-preview":"max-image-preview:large","max-video-preview":"max-video-preview:-1"},"canonical":"https:\/\/kinderenautos.be\/fr\/produit\/2-seater-childrens-car-lamborghini-aventador-12v-metallic-black\/","og_locale":"fr_FR","og_type":"article","og_title":"2 seater children's car Lamborghini Aventador 12v metallic black - kinderenautos.be","og_description":"2 seater children's car Lamborghini Aventador 12 volt metallic black. This Lamborghini Aventador children's car for 2 persons is equipped with a 2.4G remote control, rubber tires and a leather seat. Suitable for children from 3 years old (due to the use of small parts). This product will be shipped in two boxes due to weight and size restrictions. Therefor there will be two times shipping cost calculated.\u00a0","og_url":"https:\/\/kinderenautos.be\/fr\/produit\/2-seater-childrens-car-lamborghini-aventador-12v-metallic-black\/","og_site_name":"kinderenautos.be","article_modified_time":"2025-12-15T14:51:14+00:00","og_image":[{"width":2048,"height":1401,"url":"https:\/\/kinderenautos.be\/wp-content\/uploads\/2025\/11\/Lamborghini-accu-kinderauto-2-persoons.jpg","type":"image\/jpeg"}],"twitter_card":"summary_large_image","schema":{"@context":"https:\/\/schema.org","@graph":[{"@type":"WebPage","@id":"https:\/\/kinderenautos.be\/product\/2-seater-childrens-car-lamborghini-aventador-12v-metallic-black\/","url":"https:\/\/kinderenautos.be\/product\/2-seater-childrens-car-lamborghini-aventador-12v-metallic-black\/","name":"2 seater children's car Lamborghini Aventador 12v metallic black - kinderenautos.be","isPartOf":{"@id":"https:\/\/kinderenautos.be\/#website"},"primaryImageOfPage":{"@id":"https:\/\/kinderenautos.be\/product\/2-seater-childrens-car-lamborghini-aventador-12v-metallic-black\/#primaryimage"},"image":{"@id":"https:\/\/kinderenautos.be\/product\/2-seater-childrens-car-lamborghini-aventador-12v-metallic-black\/#primaryimage"},"thumbnailUrl":"https:\/\/kinderenautos.be\/wp-content\/uploads\/2025\/11\/Lamborghini-accu-kinderauto-2-persoons.jpg","datePublished":"2025-11-21T19:59:21+00:00","dateModified":"2025-12-15T14:51:14+00:00","breadcrumb":{"@id":"https:\/\/kinderenautos.be\/product\/2-seater-childrens-car-lamborghini-aventador-12v-metallic-black\/#breadcrumb"},"inLanguage":"fr-BE","potentialAction":[{"@type":"ReadAction","target":["https:\/\/kinderenautos.be\/product\/2-seater-childrens-car-lamborghini-aventador-12v-metallic-black\/"]}]},{"@type":"ImageObject","inLanguage":"fr-BE","@id":"https:\/\/kinderenautos.be\/product\/2-seater-childrens-car-lamborghini-aventador-12v-metallic-black\/#primaryimage","url":"https:\/\/kinderenautos.be\/wp-content\/uploads\/2025\/11\/Lamborghini-accu-kinderauto-2-persoons.jpg","contentUrl":"https:\/\/kinderenautos.be\/wp-content\/uploads\/2025\/11\/Lamborghini-accu-kinderauto-2-persoons.jpg","width":2048,"height":1401},{"@type":"BreadcrumbList","@id":"https:\/\/kinderenautos.be\/product\/2-seater-childrens-car-lamborghini-aventador-12v-metallic-black\/#breadcrumb","itemListElement":[{"@type":"ListItem","position":1,"name":"Home","item":"https:\/\/kinderenautos.be\/"},{"@type":"ListItem","position":2,"name":"Shop","item":"https:\/\/kinderenautos.be\/shop\/"},{"@type":"ListItem","position":3,"name":"2 seater children&#8217;s car Lamborghini Aventador 12v metallic black"}]},{"@type":"WebSite","@id":"https:\/\/kinderenautos.be\/#website","url":"https:\/\/kinderenautos.be\/","name":"kinderenautos.be","description":"","potentialAction":[{"@type":"SearchAction","target":{"@type":"EntryPoint","urlTemplate":"https:\/\/kinderenautos.be\/?s={search_term_string}"},"query-input":{"@type":"PropertyValueSpecification","valueRequired":true,"valueName":"search_term_string"}}],"inLanguage":"fr-BE"}]}},"_links":{"self":[{"href":"https:\/\/kinderenautos.be\/fr\/wp-json\/wp\/v2\/product\/1874","targetHints":{"allow":["GET"]}}],"collection":[{"href":"https:\/\/kinderenautos.be\/fr\/wp-json\/wp\/v2\/product"}],"about":[{"href":"https:\/\/kinderenautos.be\/fr\/wp-json\/wp\/v2\/types\/product"}],"replies":[{"embeddable":true,"href":"https:\/\/kinderenautos.be\/fr\/wp-json\/wp\/v2\/comments?post=1874"}],"version-history":[{"count":1,"href":"https:\/\/kinderenautos.be\/fr\/wp-json\/wp\/v2\/product\/1874\/revisions"}],"predecessor-version":[{"id":3158,"href":"https:\/\/kinderenautos.be\/fr\/wp-json\/wp\/v2\/product\/1874\/revisions\/3158"}],"wp:featuredmedia":[{"embeddable":true,"href":"https:\/\/kinderenautos.be\/fr\/wp-json\/wp\/v2\/media\/1873"}],"wp:attachment":[{"href":"https:\/\/kinderenautos.be\/fr\/wp-json\/wp\/v2\/media?parent=1874"}],"wp:term":[{"taxonomy":"product_brand","embeddable":true,"href":"https:\/\/kinderenautos.be\/fr\/wp-json\/wp\/v2\/product_brand?post=1874"},{"taxonomy":"product_cat","embeddable":true,"href":"https:\/\/kinderenautos.be\/fr\/wp-json\/wp\/v2\/product_cat?post=1874"},{"taxonomy":"product_tag","embeddable":true,"href":"https:\/\/kinderenautos.be\/fr\/wp-json\/wp\/v2\/product_tag?post=1874"}],"curies":[{"name":"wp","href":"https:\/\/api.w.org\/{rel}","templated":true}]}}