{"id":1756,"date":"2025-11-21T19:57:08","date_gmt":"2025-11-21T19:57:08","guid":{"rendered":"https:\/\/kinderenautos.be\/product\/childrens-car-range-rover-evoque-pink-4x4-12volts\/"},"modified":"2025-12-15T14:51:15","modified_gmt":"2025-12-15T14:51:15","slug":"childrens-car-range-rover-evoque-pink-4x4-12volts","status":"publish","type":"product","link":"https:\/\/kinderenautos.be\/fr\/produit\/childrens-car-range-rover-evoque-pink-4x4-12volts\/","title":{"rendered":"Children&#8217;s car Range Rover Evoque pink 4&#215;4 12Volts"},"content":{"rendered":"","protected":false},"excerpt":{"rendered":"<h2>Range Rover Evoque 4\u00d74 et t\u00e9l\u00e9commande RC 12 V 2,4 G<\/h2>\n<p>Ceci <strong> electric children&#8217;s toy car Range Rover <\/strong> has lighting, suitable for children from approx . 3 years (due to the use of small parts)<\/p>","protected":false},"featured_media":1755,"comment_status":"open","ping_status":"closed","template":"","meta":[],"product_brand":[356],"product_cat":[506],"product_tag":[560,559,607,666,561],"class_list":{"0":"post-1756","1":"product","2":"type-product","3":"status-publish","4":"has-post-thumbnail","6":"product_brand-range-rover","7":"product_cat-range-rover","8":"product_tag-1-zit","9":"product_tag-12v","10":"product_tag-jeep-4x4","11":"product_tag-offroad-12v-evoque","12":"product_tag-pink","14":"first","15":"instock","16":"sale","17":"taxable","18":"shipping-taxable","19":"purchasable","20":"product-type-simple"},"yoast_head":"<!-- This site is optimized with the Yoast SEO plugin v27.3 - https:\/\/yoast.com\/product\/yoast-seo-wordpress\/ -->\n<title>Children&#039;s car Range Rover Evoque pink 4x4 12Volts - kinderenautos.be<\/title>\n<meta name=\"robots\" content=\"index, follow, max-snippet:-1, max-image-preview:large, max-video-preview:-1\" \/>\n<link rel=\"canonical\" href=\"https:\/\/kinderenautos.be\/fr\/produit\/childrens-car-range-rover-evoque-pink-4x4-12volts\/\" \/>\n<meta property=\"og:locale\" content=\"fr_FR\" \/>\n<meta property=\"og:type\" content=\"article\" \/>\n<meta property=\"og:title\" content=\"Children&#039;s car Range Rover Evoque pink 4x4 12Volts - kinderenautos.be\" \/>\n<meta property=\"og:description\" content=\"Range Rover Evoque 4x4 and 12V 2.4G RC Control This electric children&#039;s toy car Range Rover has lighting, suitable for children from approx . 3 years (due to the use of small parts)\" \/>\n<meta property=\"og:url\" content=\"https:\/\/kinderenautos.be\/fr\/produit\/childrens-car-range-rover-evoque-pink-4x4-12volts\/\" \/>\n<meta property=\"og:site_name\" content=\"kinderenautos.be\" \/>\n<meta property=\"article:modified_time\" content=\"2025-12-15T14:51:15+00:00\" \/>\n<meta property=\"og:image\" content=\"https:\/\/kinderenautos.be\/wp-content\/uploads\/2025\/11\/Elektrische-kinderauto-Range-Rover-Evoque-1.jpg\" \/>\n\t<meta property=\"og:image:width\" content=\"2048\" \/>\n\t<meta property=\"og:image:height\" content=\"1808\" \/>\n\t<meta property=\"og:image:type\" content=\"image\/jpeg\" \/>\n<meta name=\"twitter:card\" content=\"summary_large_image\" \/>\n<script type=\"application\/ld+json\" class=\"yoast-schema-graph\">{\"@context\":\"https:\\\/\\\/schema.org\",\"@graph\":[{\"@type\":\"WebPage\",\"@id\":\"https:\\\/\\\/kinderenautos.be\\\/product\\\/childrens-car-range-rover-evoque-pink-4x4-12volts\\\/\",\"url\":\"https:\\\/\\\/kinderenautos.be\\\/product\\\/childrens-car-range-rover-evoque-pink-4x4-12volts\\\/\",\"name\":\"Children's car Range Rover Evoque pink 4x4 12Volts - kinderenautos.be\",\"isPartOf\":{\"@id\":\"https:\\\/\\\/kinderenautos.be\\\/#website\"},\"primaryImageOfPage\":{\"@id\":\"https:\\\/\\\/kinderenautos.be\\\/product\\\/childrens-car-range-rover-evoque-pink-4x4-12volts\\\/#primaryimage\"},\"image\":{\"@id\":\"https:\\\/\\\/kinderenautos.be\\\/product\\\/childrens-car-range-rover-evoque-pink-4x4-12volts\\\/#primaryimage\"},\"thumbnailUrl\":\"https:\\\/\\\/kinderenautos.be\\\/wp-content\\\/uploads\\\/2025\\\/11\\\/Elektrische-kinderauto-Range-Rover-Evoque-1.jpg\",\"datePublished\":\"2025-11-21T19:57:08+00:00\",\"dateModified\":\"2025-12-15T14:51:15+00:00\",\"breadcrumb\":{\"@id\":\"https:\\\/\\\/kinderenautos.be\\\/product\\\/childrens-car-range-rover-evoque-pink-4x4-12volts\\\/#breadcrumb\"},\"inLanguage\":\"fr-BE\",\"potentialAction\":[{\"@type\":\"ReadAction\",\"target\":[\"https:\\\/\\\/kinderenautos.be\\\/product\\\/childrens-car-range-rover-evoque-pink-4x4-12volts\\\/\"]}]},{\"@type\":\"ImageObject\",\"inLanguage\":\"fr-BE\",\"@id\":\"https:\\\/\\\/kinderenautos.be\\\/product\\\/childrens-car-range-rover-evoque-pink-4x4-12volts\\\/#primaryimage\",\"url\":\"https:\\\/\\\/kinderenautos.be\\\/wp-content\\\/uploads\\\/2025\\\/11\\\/Elektrische-kinderauto-Range-Rover-Evoque-1.jpg\",\"contentUrl\":\"https:\\\/\\\/kinderenautos.be\\\/wp-content\\\/uploads\\\/2025\\\/11\\\/Elektrische-kinderauto-Range-Rover-Evoque-1.jpg\",\"width\":2048,\"height\":1808},{\"@type\":\"BreadcrumbList\",\"@id\":\"https:\\\/\\\/kinderenautos.be\\\/product\\\/childrens-car-range-rover-evoque-pink-4x4-12volts\\\/#breadcrumb\",\"itemListElement\":[{\"@type\":\"ListItem\",\"position\":1,\"name\":\"Home\",\"item\":\"https:\\\/\\\/kinderenautos.be\\\/\"},{\"@type\":\"ListItem\",\"position\":2,\"name\":\"Shop\",\"item\":\"https:\\\/\\\/kinderenautos.be\\\/shop\\\/\"},{\"@type\":\"ListItem\",\"position\":3,\"name\":\"Children&#8217;s car Range Rover Evoque pink 4&#215;4 12Volts\"}]},{\"@type\":\"WebSite\",\"@id\":\"https:\\\/\\\/kinderenautos.be\\\/#website\",\"url\":\"https:\\\/\\\/kinderenautos.be\\\/\",\"name\":\"kinderenautos.be\",\"description\":\"\",\"potentialAction\":[{\"@type\":\"SearchAction\",\"target\":{\"@type\":\"EntryPoint\",\"urlTemplate\":\"https:\\\/\\\/kinderenautos.be\\\/?s={search_term_string}\"},\"query-input\":{\"@type\":\"PropertyValueSpecification\",\"valueRequired\":true,\"valueName\":\"search_term_string\"}}],\"inLanguage\":\"fr-BE\"}]}<\/script>\n<!-- \/ Yoast SEO plugin. -->","yoast_head_json":{"title":"Children's car Range Rover Evoque pink 4x4 12Volts - kinderenautos.be","robots":{"index":"index","follow":"follow","max-snippet":"max-snippet:-1","max-image-preview":"max-image-preview:large","max-video-preview":"max-video-preview:-1"},"canonical":"https:\/\/kinderenautos.be\/fr\/produit\/childrens-car-range-rover-evoque-pink-4x4-12volts\/","og_locale":"fr_FR","og_type":"article","og_title":"Children's car Range Rover Evoque pink 4x4 12Volts - kinderenautos.be","og_description":"Range Rover Evoque 4x4 and 12V 2.4G RC Control This electric children's toy car Range Rover has lighting, suitable for children from approx . 3 years (due to the use of small parts)","og_url":"https:\/\/kinderenautos.be\/fr\/produit\/childrens-car-range-rover-evoque-pink-4x4-12volts\/","og_site_name":"kinderenautos.be","article_modified_time":"2025-12-15T14:51:15+00:00","og_image":[{"width":2048,"height":1808,"url":"https:\/\/kinderenautos.be\/wp-content\/uploads\/2025\/11\/Elektrische-kinderauto-Range-Rover-Evoque-1.jpg","type":"image\/jpeg"}],"twitter_card":"summary_large_image","schema":{"@context":"https:\/\/schema.org","@graph":[{"@type":"WebPage","@id":"https:\/\/kinderenautos.be\/product\/childrens-car-range-rover-evoque-pink-4x4-12volts\/","url":"https:\/\/kinderenautos.be\/product\/childrens-car-range-rover-evoque-pink-4x4-12volts\/","name":"Children's car Range Rover Evoque pink 4x4 12Volts - kinderenautos.be","isPartOf":{"@id":"https:\/\/kinderenautos.be\/#website"},"primaryImageOfPage":{"@id":"https:\/\/kinderenautos.be\/product\/childrens-car-range-rover-evoque-pink-4x4-12volts\/#primaryimage"},"image":{"@id":"https:\/\/kinderenautos.be\/product\/childrens-car-range-rover-evoque-pink-4x4-12volts\/#primaryimage"},"thumbnailUrl":"https:\/\/kinderenautos.be\/wp-content\/uploads\/2025\/11\/Elektrische-kinderauto-Range-Rover-Evoque-1.jpg","datePublished":"2025-11-21T19:57:08+00:00","dateModified":"2025-12-15T14:51:15+00:00","breadcrumb":{"@id":"https:\/\/kinderenautos.be\/product\/childrens-car-range-rover-evoque-pink-4x4-12volts\/#breadcrumb"},"inLanguage":"fr-BE","potentialAction":[{"@type":"ReadAction","target":["https:\/\/kinderenautos.be\/product\/childrens-car-range-rover-evoque-pink-4x4-12volts\/"]}]},{"@type":"ImageObject","inLanguage":"fr-BE","@id":"https:\/\/kinderenautos.be\/product\/childrens-car-range-rover-evoque-pink-4x4-12volts\/#primaryimage","url":"https:\/\/kinderenautos.be\/wp-content\/uploads\/2025\/11\/Elektrische-kinderauto-Range-Rover-Evoque-1.jpg","contentUrl":"https:\/\/kinderenautos.be\/wp-content\/uploads\/2025\/11\/Elektrische-kinderauto-Range-Rover-Evoque-1.jpg","width":2048,"height":1808},{"@type":"BreadcrumbList","@id":"https:\/\/kinderenautos.be\/product\/childrens-car-range-rover-evoque-pink-4x4-12volts\/#breadcrumb","itemListElement":[{"@type":"ListItem","position":1,"name":"Home","item":"https:\/\/kinderenautos.be\/"},{"@type":"ListItem","position":2,"name":"Shop","item":"https:\/\/kinderenautos.be\/shop\/"},{"@type":"ListItem","position":3,"name":"Children&#8217;s car Range Rover Evoque pink 4&#215;4 12Volts"}]},{"@type":"WebSite","@id":"https:\/\/kinderenautos.be\/#website","url":"https:\/\/kinderenautos.be\/","name":"kinderenautos.be","description":"","potentialAction":[{"@type":"SearchAction","target":{"@type":"EntryPoint","urlTemplate":"https:\/\/kinderenautos.be\/?s={search_term_string}"},"query-input":{"@type":"PropertyValueSpecification","valueRequired":true,"valueName":"search_term_string"}}],"inLanguage":"fr-BE"}]}},"_links":{"self":[{"href":"https:\/\/kinderenautos.be\/fr\/wp-json\/wp\/v2\/product\/1756","targetHints":{"allow":["GET"]}}],"collection":[{"href":"https:\/\/kinderenautos.be\/fr\/wp-json\/wp\/v2\/product"}],"about":[{"href":"https:\/\/kinderenautos.be\/fr\/wp-json\/wp\/v2\/types\/product"}],"replies":[{"embeddable":true,"href":"https:\/\/kinderenautos.be\/fr\/wp-json\/wp\/v2\/comments?post=1756"}],"version-history":[{"count":1,"href":"https:\/\/kinderenautos.be\/fr\/wp-json\/wp\/v2\/product\/1756\/revisions"}],"predecessor-version":[{"id":3316,"href":"https:\/\/kinderenautos.be\/fr\/wp-json\/wp\/v2\/product\/1756\/revisions\/3316"}],"wp:featuredmedia":[{"embeddable":true,"href":"https:\/\/kinderenautos.be\/fr\/wp-json\/wp\/v2\/media\/1755"}],"wp:attachment":[{"href":"https:\/\/kinderenautos.be\/fr\/wp-json\/wp\/v2\/media?parent=1756"}],"wp:term":[{"taxonomy":"product_brand","embeddable":true,"href":"https:\/\/kinderenautos.be\/fr\/wp-json\/wp\/v2\/product_brand?post=1756"},{"taxonomy":"product_cat","embeddable":true,"href":"https:\/\/kinderenautos.be\/fr\/wp-json\/wp\/v2\/product_cat?post=1756"},{"taxonomy":"product_tag","embeddable":true,"href":"https:\/\/kinderenautos.be\/fr\/wp-json\/wp\/v2\/product_tag?post=1756"}],"curies":[{"name":"wp","href":"https:\/\/api.w.org\/{rel}","templated":true}]}}