{"id":1617,"date":"2025-11-21T19:48:45","date_gmt":"2025-11-21T19:48:45","guid":{"rendered":"https:\/\/kinderenautos.be\/product\/gator-kids-jeep-farmer-truck-6x6-for-2-kids-12volt-with-rc\/"},"modified":"2025-12-15T14:52:06","modified_gmt":"2025-12-15T14:52:06","slug":"gator-kids-jeep-farmer-truck-6x6-for-2-kids-12volt-with-rc","status":"publish","type":"product","link":"https:\/\/kinderenautos.be\/fr\/produit\/gator-kids-jeep-farmer-truck-6x6-for-2-kids-12volt-with-rc\/","title":{"rendered":"Gator Kids Jeep Farmer Truck 6&#215;6 for 2 Kids 12volt with RC"},"content":{"rendered":"","protected":false},"excerpt":{"rendered":"<h2>Gator children jeep 6&#215;6 Truck Farmer<\/h2>\n<p>This powerful 1.5 persons Farmer Gator children jeep has 2&#215;12 volt batteries, four motors and six wheels. Suitable for children aged 3 years (due to using small parts). Now equipped with a leather seat, photo 7. <em><strong>Ce produit sera exp\u00e9di\u00e9 dans deux bo\u00eetes en raison des restrictions de poids et de taille. Par cons\u00e9quent, les frais d'exp\u00e9dition seront calcul\u00e9s deux fois.<\/strong><\/em><\/p>","protected":false},"featured_media":1616,"comment_status":"open","ping_status":"closed","template":"","meta":[],"product_brand":[],"product_cat":[541,15],"product_tag":[679],"class_list":{"0":"post-1617","1":"product","2":"type-product","3":"status-publish","4":"has-post-thumbnail","6":"product_cat-motorcycle","7":"product_cat-uncategorized","8":"product_tag-truck","10":"first","11":"instock","12":"sale","13":"taxable","14":"shipping-taxable","15":"purchasable","16":"product-type-simple"},"yoast_head":"<!-- This site is optimized with the Yoast SEO plugin v27.3 - https:\/\/yoast.com\/product\/yoast-seo-wordpress\/ -->\n<title>Gator Kids Jeep Farmer Truck 6x6 for 2 Kids 12volt with RC - kinderenautos.be<\/title>\n<meta name=\"robots\" content=\"index, follow, max-snippet:-1, max-image-preview:large, max-video-preview:-1\" \/>\n<link rel=\"canonical\" href=\"https:\/\/kinderenautos.be\/fr\/produit\/gator-kids-jeep-farmer-truck-6x6-for-2-kids-12volt-with-rc\/\" \/>\n<meta property=\"og:locale\" content=\"fr_FR\" \/>\n<meta property=\"og:type\" content=\"article\" \/>\n<meta property=\"og:title\" content=\"Gator Kids Jeep Farmer Truck 6x6 for 2 Kids 12volt with RC - kinderenautos.be\" \/>\n<meta property=\"og:description\" content=\"Gator children jeep 6x6 Truck Farmer This powerful 1.5 persons Farmer Gator children jeep has 2x12 volt batteries, four motors and six wheels. Suitable for children aged 3 years (due to using small parts). Now equipped with a leather seat, photo 7. This product will be shipped in two boxes due to weight and size restrictions. Therefor there will be two times shipping cost calculated.\" \/>\n<meta property=\"og:url\" content=\"https:\/\/kinderenautos.be\/fr\/produit\/gator-kids-jeep-farmer-truck-6x6-for-2-kids-12volt-with-rc\/\" \/>\n<meta property=\"og:site_name\" content=\"kinderenautos.be\" \/>\n<meta property=\"article:modified_time\" content=\"2025-12-15T14:52:06+00:00\" \/>\n<meta property=\"og:image\" content=\"https:\/\/kinderenautos.be\/wp-content\/uploads\/2025\/11\/Gator-Farmer-Truck-met-6-wielen.jpg\" \/>\n\t<meta property=\"og:image:width\" content=\"2048\" \/>\n\t<meta property=\"og:image:height\" content=\"1902\" \/>\n\t<meta property=\"og:image:type\" content=\"image\/jpeg\" \/>\n<meta name=\"twitter:card\" content=\"summary_large_image\" \/>\n<script type=\"application\/ld+json\" class=\"yoast-schema-graph\">{\"@context\":\"https:\\\/\\\/schema.org\",\"@graph\":[{\"@type\":\"WebPage\",\"@id\":\"https:\\\/\\\/kinderenautos.be\\\/product\\\/gator-kids-jeep-farmer-truck-6x6-for-2-kids-12volt-with-rc\\\/\",\"url\":\"https:\\\/\\\/kinderenautos.be\\\/product\\\/gator-kids-jeep-farmer-truck-6x6-for-2-kids-12volt-with-rc\\\/\",\"name\":\"Gator Kids Jeep Farmer Truck 6x6 for 2 Kids 12volt with RC - kinderenautos.be\",\"isPartOf\":{\"@id\":\"https:\\\/\\\/kinderenautos.be\\\/#website\"},\"primaryImageOfPage\":{\"@id\":\"https:\\\/\\\/kinderenautos.be\\\/product\\\/gator-kids-jeep-farmer-truck-6x6-for-2-kids-12volt-with-rc\\\/#primaryimage\"},\"image\":{\"@id\":\"https:\\\/\\\/kinderenautos.be\\\/product\\\/gator-kids-jeep-farmer-truck-6x6-for-2-kids-12volt-with-rc\\\/#primaryimage\"},\"thumbnailUrl\":\"https:\\\/\\\/kinderenautos.be\\\/wp-content\\\/uploads\\\/2025\\\/11\\\/Gator-Farmer-Truck-met-6-wielen.jpg\",\"datePublished\":\"2025-11-21T19:48:45+00:00\",\"dateModified\":\"2025-12-15T14:52:06+00:00\",\"breadcrumb\":{\"@id\":\"https:\\\/\\\/kinderenautos.be\\\/product\\\/gator-kids-jeep-farmer-truck-6x6-for-2-kids-12volt-with-rc\\\/#breadcrumb\"},\"inLanguage\":\"fr-BE\",\"potentialAction\":[{\"@type\":\"ReadAction\",\"target\":[\"https:\\\/\\\/kinderenautos.be\\\/product\\\/gator-kids-jeep-farmer-truck-6x6-for-2-kids-12volt-with-rc\\\/\"]}]},{\"@type\":\"ImageObject\",\"inLanguage\":\"fr-BE\",\"@id\":\"https:\\\/\\\/kinderenautos.be\\\/product\\\/gator-kids-jeep-farmer-truck-6x6-for-2-kids-12volt-with-rc\\\/#primaryimage\",\"url\":\"https:\\\/\\\/kinderenautos.be\\\/wp-content\\\/uploads\\\/2025\\\/11\\\/Gator-Farmer-Truck-met-6-wielen.jpg\",\"contentUrl\":\"https:\\\/\\\/kinderenautos.be\\\/wp-content\\\/uploads\\\/2025\\\/11\\\/Gator-Farmer-Truck-met-6-wielen.jpg\",\"width\":2048,\"height\":1902},{\"@type\":\"BreadcrumbList\",\"@id\":\"https:\\\/\\\/kinderenautos.be\\\/product\\\/gator-kids-jeep-farmer-truck-6x6-for-2-kids-12volt-with-rc\\\/#breadcrumb\",\"itemListElement\":[{\"@type\":\"ListItem\",\"position\":1,\"name\":\"Home\",\"item\":\"https:\\\/\\\/kinderenautos.be\\\/\"},{\"@type\":\"ListItem\",\"position\":2,\"name\":\"Shop\",\"item\":\"https:\\\/\\\/kinderenautos.be\\\/shop\\\/\"},{\"@type\":\"ListItem\",\"position\":3,\"name\":\"Gator Kids Jeep Farmer Truck 6&#215;6 for 2 Kids 12volt with RC\"}]},{\"@type\":\"WebSite\",\"@id\":\"https:\\\/\\\/kinderenautos.be\\\/#website\",\"url\":\"https:\\\/\\\/kinderenautos.be\\\/\",\"name\":\"kinderenautos.be\",\"description\":\"\",\"potentialAction\":[{\"@type\":\"SearchAction\",\"target\":{\"@type\":\"EntryPoint\",\"urlTemplate\":\"https:\\\/\\\/kinderenautos.be\\\/?s={search_term_string}\"},\"query-input\":{\"@type\":\"PropertyValueSpecification\",\"valueRequired\":true,\"valueName\":\"search_term_string\"}}],\"inLanguage\":\"fr-BE\"}]}<\/script>\n<!-- \/ Yoast SEO plugin. -->","yoast_head_json":{"title":"Gator Kids Jeep Farmer Truck 6x6 for 2 Kids 12volt with RC - kinderenautos.be","robots":{"index":"index","follow":"follow","max-snippet":"max-snippet:-1","max-image-preview":"max-image-preview:large","max-video-preview":"max-video-preview:-1"},"canonical":"https:\/\/kinderenautos.be\/fr\/produit\/gator-kids-jeep-farmer-truck-6x6-for-2-kids-12volt-with-rc\/","og_locale":"fr_FR","og_type":"article","og_title":"Gator Kids Jeep Farmer Truck 6x6 for 2 Kids 12volt with RC - kinderenautos.be","og_description":"Gator children jeep 6x6 Truck Farmer This powerful 1.5 persons Farmer Gator children jeep has 2x12 volt batteries, four motors and six wheels. Suitable for children aged 3 years (due to using small parts). Now equipped with a leather seat, photo 7. This product will be shipped in two boxes due to weight and size restrictions. Therefor there will be two times shipping cost calculated.","og_url":"https:\/\/kinderenautos.be\/fr\/produit\/gator-kids-jeep-farmer-truck-6x6-for-2-kids-12volt-with-rc\/","og_site_name":"kinderenautos.be","article_modified_time":"2025-12-15T14:52:06+00:00","og_image":[{"width":2048,"height":1902,"url":"https:\/\/kinderenautos.be\/wp-content\/uploads\/2025\/11\/Gator-Farmer-Truck-met-6-wielen.jpg","type":"image\/jpeg"}],"twitter_card":"summary_large_image","schema":{"@context":"https:\/\/schema.org","@graph":[{"@type":"WebPage","@id":"https:\/\/kinderenautos.be\/product\/gator-kids-jeep-farmer-truck-6x6-for-2-kids-12volt-with-rc\/","url":"https:\/\/kinderenautos.be\/product\/gator-kids-jeep-farmer-truck-6x6-for-2-kids-12volt-with-rc\/","name":"Gator Kids Jeep Farmer Truck 6x6 for 2 Kids 12volt with RC - kinderenautos.be","isPartOf":{"@id":"https:\/\/kinderenautos.be\/#website"},"primaryImageOfPage":{"@id":"https:\/\/kinderenautos.be\/product\/gator-kids-jeep-farmer-truck-6x6-for-2-kids-12volt-with-rc\/#primaryimage"},"image":{"@id":"https:\/\/kinderenautos.be\/product\/gator-kids-jeep-farmer-truck-6x6-for-2-kids-12volt-with-rc\/#primaryimage"},"thumbnailUrl":"https:\/\/kinderenautos.be\/wp-content\/uploads\/2025\/11\/Gator-Farmer-Truck-met-6-wielen.jpg","datePublished":"2025-11-21T19:48:45+00:00","dateModified":"2025-12-15T14:52:06+00:00","breadcrumb":{"@id":"https:\/\/kinderenautos.be\/product\/gator-kids-jeep-farmer-truck-6x6-for-2-kids-12volt-with-rc\/#breadcrumb"},"inLanguage":"fr-BE","potentialAction":[{"@type":"ReadAction","target":["https:\/\/kinderenautos.be\/product\/gator-kids-jeep-farmer-truck-6x6-for-2-kids-12volt-with-rc\/"]}]},{"@type":"ImageObject","inLanguage":"fr-BE","@id":"https:\/\/kinderenautos.be\/product\/gator-kids-jeep-farmer-truck-6x6-for-2-kids-12volt-with-rc\/#primaryimage","url":"https:\/\/kinderenautos.be\/wp-content\/uploads\/2025\/11\/Gator-Farmer-Truck-met-6-wielen.jpg","contentUrl":"https:\/\/kinderenautos.be\/wp-content\/uploads\/2025\/11\/Gator-Farmer-Truck-met-6-wielen.jpg","width":2048,"height":1902},{"@type":"BreadcrumbList","@id":"https:\/\/kinderenautos.be\/product\/gator-kids-jeep-farmer-truck-6x6-for-2-kids-12volt-with-rc\/#breadcrumb","itemListElement":[{"@type":"ListItem","position":1,"name":"Home","item":"https:\/\/kinderenautos.be\/"},{"@type":"ListItem","position":2,"name":"Shop","item":"https:\/\/kinderenautos.be\/shop\/"},{"@type":"ListItem","position":3,"name":"Gator Kids Jeep Farmer Truck 6&#215;6 for 2 Kids 12volt with RC"}]},{"@type":"WebSite","@id":"https:\/\/kinderenautos.be\/#website","url":"https:\/\/kinderenautos.be\/","name":"kinderenautos.be","description":"","potentialAction":[{"@type":"SearchAction","target":{"@type":"EntryPoint","urlTemplate":"https:\/\/kinderenautos.be\/?s={search_term_string}"},"query-input":{"@type":"PropertyValueSpecification","valueRequired":true,"valueName":"search_term_string"}}],"inLanguage":"fr-BE"}]}},"_links":{"self":[{"href":"https:\/\/kinderenautos.be\/fr\/wp-json\/wp\/v2\/product\/1617","targetHints":{"allow":["GET"]}}],"collection":[{"href":"https:\/\/kinderenautos.be\/fr\/wp-json\/wp\/v2\/product"}],"about":[{"href":"https:\/\/kinderenautos.be\/fr\/wp-json\/wp\/v2\/types\/product"}],"replies":[{"embeddable":true,"href":"https:\/\/kinderenautos.be\/fr\/wp-json\/wp\/v2\/comments?post=1617"}],"version-history":[{"count":1,"href":"https:\/\/kinderenautos.be\/fr\/wp-json\/wp\/v2\/product\/1617\/revisions"}],"predecessor-version":[{"id":3156,"href":"https:\/\/kinderenautos.be\/fr\/wp-json\/wp\/v2\/product\/1617\/revisions\/3156"}],"wp:featuredmedia":[{"embeddable":true,"href":"https:\/\/kinderenautos.be\/fr\/wp-json\/wp\/v2\/media\/1616"}],"wp:attachment":[{"href":"https:\/\/kinderenautos.be\/fr\/wp-json\/wp\/v2\/media?parent=1617"}],"wp:term":[{"taxonomy":"product_brand","embeddable":true,"href":"https:\/\/kinderenautos.be\/fr\/wp-json\/wp\/v2\/product_brand?post=1617"},{"taxonomy":"product_cat","embeddable":true,"href":"https:\/\/kinderenautos.be\/fr\/wp-json\/wp\/v2\/product_cat?post=1617"},{"taxonomy":"product_tag","embeddable":true,"href":"https:\/\/kinderenautos.be\/fr\/wp-json\/wp\/v2\/product_tag?post=1617"}],"curies":[{"name":"wp","href":"https:\/\/api.w.org\/{rel}","templated":true}]}}