{"id":1585,"date":"2025-11-21T19:48:09","date_gmt":"2025-11-21T19:48:09","guid":{"rendered":"https:\/\/kinderenautos.be\/product\/bmw-507-electric-childrens-car-with-remote-control\/"},"modified":"2025-12-15T13:53:23","modified_gmt":"2025-12-15T13:53:23","slug":"bmw-507-electric-childrens-car-with-remote-control","status":"publish","type":"product","link":"https:\/\/kinderenautos.be\/fr\/produit\/bmw-507-electric-childrens-car-with-remote-control\/","title":{"rendered":"Voiture \u00e9lectrique pour enfants BMW 507 avec t\u00e9l\u00e9commande"},"content":{"rendered":"","protected":false},"excerpt":{"rendered":"<h2>BMW 507 12 volts avec t\u00e9l\u00e9commande 2,4 GHz et d\u00e9marrage progressif<\/h2>\n<p>La voiture pour enfants BMW \u00e0 batterie est \u00e9quip\u00e9e d'une t\u00e9l\u00e9commande 2,4 G. Elle dispose d'un d\u00e9marrage progressif afin que les enfants ne soient pas surpris lorsqu'ils acc\u00e9l\u00e8rent. La BMW est peinte en peinture m\u00e9tallis\u00e9e et dispose d'un int\u00e9rieur en cuir et d'une session artistique. Cette voiture pour enfants BMW 507 est fabriqu\u00e9e sous licence.<\/p>","protected":false},"featured_media":1584,"comment_status":"open","ping_status":"closed","template":"","meta":[],"product_brand":[364],"product_cat":[514],"product_tag":[560,559,673,557,563],"class_list":{"0":"post-1585","1":"product","2":"type-product","3":"status-publish","4":"has-post-thumbnail","6":"product_brand-bmw","7":"product_cat-bmw","8":"product_tag-1-zit","9":"product_tag-12v","10":"product_tag-bmw-gt-classic","11":"product_tag-kinderauto","12":"product_tag-metallic-black","14":"first","15":"instock","16":"sale","17":"taxable","18":"shipping-taxable","19":"purchasable","20":"product-type-simple"},"yoast_head":"<!-- This site is optimized with the Yoast SEO plugin v27.3 - https:\/\/yoast.com\/product\/yoast-seo-wordpress\/ -->\n<title>BMW 507 electric children&#039;s car with remote control - kinderenautos.be<\/title>\n<meta name=\"robots\" content=\"index, follow, max-snippet:-1, max-image-preview:large, max-video-preview:-1\" \/>\n<link rel=\"canonical\" href=\"https:\/\/kinderenautos.be\/fr\/produit\/bmw-507-electric-childrens-car-with-remote-control\/\" \/>\n<meta property=\"og:locale\" content=\"fr_FR\" \/>\n<meta property=\"og:type\" content=\"article\" \/>\n<meta property=\"og:title\" content=\"BMW 507 electric children&#039;s car with remote control - kinderenautos.be\" \/>\n<meta property=\"og:description\" content=\"BMW 507 12 volts with 2.4G remote control and soft start BMW battery children&#039;s car is equipped with 2.4G remote control, car has a soft start so that children will not feel startled when giving the gas. The BMW is painted in metallic paint and features leather and an art session. This BMW 507 children&#039;s car is made under license.\" \/>\n<meta property=\"og:url\" content=\"https:\/\/kinderenautos.be\/fr\/produit\/bmw-507-electric-childrens-car-with-remote-control\/\" \/>\n<meta property=\"og:site_name\" content=\"kinderenautos.be\" \/>\n<meta property=\"article:modified_time\" content=\"2025-12-15T13:53:23+00:00\" \/>\n<meta property=\"og:image\" content=\"https:\/\/kinderenautos.be\/wp-content\/uploads\/2025\/11\/bmw-kinderauto-kopen.jpg\" \/>\n\t<meta property=\"og:image:width\" content=\"2048\" \/>\n\t<meta property=\"og:image:height\" content=\"1554\" \/>\n\t<meta property=\"og:image:type\" content=\"image\/jpeg\" \/>\n<meta name=\"twitter:card\" content=\"summary_large_image\" \/>\n<script type=\"application\/ld+json\" class=\"yoast-schema-graph\">{\"@context\":\"https:\\\/\\\/schema.org\",\"@graph\":[{\"@type\":\"WebPage\",\"@id\":\"https:\\\/\\\/kinderenautos.be\\\/product\\\/bmw-507-electric-childrens-car-with-remote-control\\\/\",\"url\":\"https:\\\/\\\/kinderenautos.be\\\/product\\\/bmw-507-electric-childrens-car-with-remote-control\\\/\",\"name\":\"BMW 507 electric children's car with remote control - kinderenautos.be\",\"isPartOf\":{\"@id\":\"https:\\\/\\\/kinderenautos.be\\\/#website\"},\"primaryImageOfPage\":{\"@id\":\"https:\\\/\\\/kinderenautos.be\\\/product\\\/bmw-507-electric-childrens-car-with-remote-control\\\/#primaryimage\"},\"image\":{\"@id\":\"https:\\\/\\\/kinderenautos.be\\\/product\\\/bmw-507-electric-childrens-car-with-remote-control\\\/#primaryimage\"},\"thumbnailUrl\":\"https:\\\/\\\/kinderenautos.be\\\/wp-content\\\/uploads\\\/2025\\\/11\\\/bmw-kinderauto-kopen.jpg\",\"datePublished\":\"2025-11-21T19:48:09+00:00\",\"dateModified\":\"2025-12-15T13:53:23+00:00\",\"breadcrumb\":{\"@id\":\"https:\\\/\\\/kinderenautos.be\\\/product\\\/bmw-507-electric-childrens-car-with-remote-control\\\/#breadcrumb\"},\"inLanguage\":\"fr-BE\",\"potentialAction\":[{\"@type\":\"ReadAction\",\"target\":[\"https:\\\/\\\/kinderenautos.be\\\/product\\\/bmw-507-electric-childrens-car-with-remote-control\\\/\"]}]},{\"@type\":\"ImageObject\",\"inLanguage\":\"fr-BE\",\"@id\":\"https:\\\/\\\/kinderenautos.be\\\/product\\\/bmw-507-electric-childrens-car-with-remote-control\\\/#primaryimage\",\"url\":\"https:\\\/\\\/kinderenautos.be\\\/wp-content\\\/uploads\\\/2025\\\/11\\\/bmw-kinderauto-kopen.jpg\",\"contentUrl\":\"https:\\\/\\\/kinderenautos.be\\\/wp-content\\\/uploads\\\/2025\\\/11\\\/bmw-kinderauto-kopen.jpg\",\"width\":2048,\"height\":1554},{\"@type\":\"BreadcrumbList\",\"@id\":\"https:\\\/\\\/kinderenautos.be\\\/product\\\/bmw-507-electric-childrens-car-with-remote-control\\\/#breadcrumb\",\"itemListElement\":[{\"@type\":\"ListItem\",\"position\":1,\"name\":\"Home\",\"item\":\"https:\\\/\\\/kinderenautos.be\\\/\"},{\"@type\":\"ListItem\",\"position\":2,\"name\":\"Shop\",\"item\":\"https:\\\/\\\/kinderenautos.be\\\/shop\\\/\"},{\"@type\":\"ListItem\",\"position\":3,\"name\":\"BMW 507 electric children&#8217;s car with remote control\"}]},{\"@type\":\"WebSite\",\"@id\":\"https:\\\/\\\/kinderenautos.be\\\/#website\",\"url\":\"https:\\\/\\\/kinderenautos.be\\\/\",\"name\":\"kinderenautos.be\",\"description\":\"\",\"potentialAction\":[{\"@type\":\"SearchAction\",\"target\":{\"@type\":\"EntryPoint\",\"urlTemplate\":\"https:\\\/\\\/kinderenautos.be\\\/?s={search_term_string}\"},\"query-input\":{\"@type\":\"PropertyValueSpecification\",\"valueRequired\":true,\"valueName\":\"search_term_string\"}}],\"inLanguage\":\"fr-BE\"}]}<\/script>\n<!-- \/ Yoast SEO plugin. -->","yoast_head_json":{"title":"BMW 507 electric children's car with remote control - kinderenautos.be","robots":{"index":"index","follow":"follow","max-snippet":"max-snippet:-1","max-image-preview":"max-image-preview:large","max-video-preview":"max-video-preview:-1"},"canonical":"https:\/\/kinderenautos.be\/fr\/produit\/bmw-507-electric-childrens-car-with-remote-control\/","og_locale":"fr_FR","og_type":"article","og_title":"BMW 507 electric children's car with remote control - kinderenautos.be","og_description":"BMW 507 12 volts with 2.4G remote control and soft start BMW battery children's car is equipped with 2.4G remote control, car has a soft start so that children will not feel startled when giving the gas. The BMW is painted in metallic paint and features leather and an art session. This BMW 507 children's car is made under license.","og_url":"https:\/\/kinderenautos.be\/fr\/produit\/bmw-507-electric-childrens-car-with-remote-control\/","og_site_name":"kinderenautos.be","article_modified_time":"2025-12-15T13:53:23+00:00","og_image":[{"width":2048,"height":1554,"url":"https:\/\/kinderenautos.be\/wp-content\/uploads\/2025\/11\/bmw-kinderauto-kopen.jpg","type":"image\/jpeg"}],"twitter_card":"summary_large_image","schema":{"@context":"https:\/\/schema.org","@graph":[{"@type":"WebPage","@id":"https:\/\/kinderenautos.be\/product\/bmw-507-electric-childrens-car-with-remote-control\/","url":"https:\/\/kinderenautos.be\/product\/bmw-507-electric-childrens-car-with-remote-control\/","name":"BMW 507 electric children's car with remote control - kinderenautos.be","isPartOf":{"@id":"https:\/\/kinderenautos.be\/#website"},"primaryImageOfPage":{"@id":"https:\/\/kinderenautos.be\/product\/bmw-507-electric-childrens-car-with-remote-control\/#primaryimage"},"image":{"@id":"https:\/\/kinderenautos.be\/product\/bmw-507-electric-childrens-car-with-remote-control\/#primaryimage"},"thumbnailUrl":"https:\/\/kinderenautos.be\/wp-content\/uploads\/2025\/11\/bmw-kinderauto-kopen.jpg","datePublished":"2025-11-21T19:48:09+00:00","dateModified":"2025-12-15T13:53:23+00:00","breadcrumb":{"@id":"https:\/\/kinderenautos.be\/product\/bmw-507-electric-childrens-car-with-remote-control\/#breadcrumb"},"inLanguage":"fr-BE","potentialAction":[{"@type":"ReadAction","target":["https:\/\/kinderenautos.be\/product\/bmw-507-electric-childrens-car-with-remote-control\/"]}]},{"@type":"ImageObject","inLanguage":"fr-BE","@id":"https:\/\/kinderenautos.be\/product\/bmw-507-electric-childrens-car-with-remote-control\/#primaryimage","url":"https:\/\/kinderenautos.be\/wp-content\/uploads\/2025\/11\/bmw-kinderauto-kopen.jpg","contentUrl":"https:\/\/kinderenautos.be\/wp-content\/uploads\/2025\/11\/bmw-kinderauto-kopen.jpg","width":2048,"height":1554},{"@type":"BreadcrumbList","@id":"https:\/\/kinderenautos.be\/product\/bmw-507-electric-childrens-car-with-remote-control\/#breadcrumb","itemListElement":[{"@type":"ListItem","position":1,"name":"Home","item":"https:\/\/kinderenautos.be\/"},{"@type":"ListItem","position":2,"name":"Shop","item":"https:\/\/kinderenautos.be\/shop\/"},{"@type":"ListItem","position":3,"name":"BMW 507 electric children&#8217;s car with remote control"}]},{"@type":"WebSite","@id":"https:\/\/kinderenautos.be\/#website","url":"https:\/\/kinderenautos.be\/","name":"kinderenautos.be","description":"","potentialAction":[{"@type":"SearchAction","target":{"@type":"EntryPoint","urlTemplate":"https:\/\/kinderenautos.be\/?s={search_term_string}"},"query-input":{"@type":"PropertyValueSpecification","valueRequired":true,"valueName":"search_term_string"}}],"inLanguage":"fr-BE"}]}},"_links":{"self":[{"href":"https:\/\/kinderenautos.be\/fr\/wp-json\/wp\/v2\/product\/1585","targetHints":{"allow":["GET"]}}],"collection":[{"href":"https:\/\/kinderenautos.be\/fr\/wp-json\/wp\/v2\/product"}],"about":[{"href":"https:\/\/kinderenautos.be\/fr\/wp-json\/wp\/v2\/types\/product"}],"replies":[{"embeddable":true,"href":"https:\/\/kinderenautos.be\/fr\/wp-json\/wp\/v2\/comments?post=1585"}],"version-history":[{"count":0,"href":"https:\/\/kinderenautos.be\/fr\/wp-json\/wp\/v2\/product\/1585\/revisions"}],"wp:featuredmedia":[{"embeddable":true,"href":"https:\/\/kinderenautos.be\/fr\/wp-json\/wp\/v2\/media\/1584"}],"wp:attachment":[{"href":"https:\/\/kinderenautos.be\/fr\/wp-json\/wp\/v2\/media?parent=1585"}],"wp:term":[{"taxonomy":"product_brand","embeddable":true,"href":"https:\/\/kinderenautos.be\/fr\/wp-json\/wp\/v2\/product_brand?post=1585"},{"taxonomy":"product_cat","embeddable":true,"href":"https:\/\/kinderenautos.be\/fr\/wp-json\/wp\/v2\/product_cat?post=1585"},{"taxonomy":"product_tag","embeddable":true,"href":"https:\/\/kinderenautos.be\/fr\/wp-json\/wp\/v2\/product_tag?post=1585"}],"curies":[{"name":"wp","href":"https:\/\/api.w.org\/{rel}","templated":true}]}}