{"id":1507,"date":"2025-11-21T19:46:45","date_gmt":"2025-11-21T19:46:45","guid":{"rendered":"https:\/\/kinderenautos.be\/product\/battery-car-bmw-gt-12-volt-2-4g-remote-control-white\/"},"modified":"2025-12-15T13:53:25","modified_gmt":"2025-12-15T13:53:25","slug":"battery-car-bmw-gt-12-volt-2-4g-remote-control-white","status":"publish","type":"product","link":"https:\/\/kinderenautos.be\/fr\/produit\/battery-car-bmw-gt-12-volt-2-4g-remote-control-white\/","title":{"rendered":"Voiture \u00e9lectrique BMW GT 12 volts 2,4 G t\u00e9l\u00e9commande blanche"},"content":{"rendered":"","protected":false},"excerpt":{"rendered":"<h2>Voiture \u00e9lectrique BMW GT 1 personne, 12 volts avec t\u00e9l\u00e9commande 2,4 G et d\u00e9marrage lent, blanche<\/h2>\n<p><strong> voiture \u00e9lectrique <\/strong> <strong> BMW <\/strong> est \u00e9quip\u00e9e d'une t\u00e9l\u00e9commande 2,4 GHz qui vous permet de contr\u00f4ler la vitesse. La voiture d\u00e9marre lentement, ce qui \u00e9vite aux enfants d'avoir un choc lorsqu'ils appuient sur l'acc\u00e9l\u00e9rateur, pour plus de s\u00e9curit\u00e9. La BMW est peinte en m\u00e9tallis\u00e9 et dispose d'un si\u00e8ge en similicuir. Ces voitures sous licence <strong> Batterie pour voiturette pour enfants BMW GT <\/strong> Convient aux enfants \u00e0 partir de 3 ans (en raison des petites pi\u00e8ces).<\/p>","protected":false},"featured_media":1506,"comment_status":"open","ping_status":"closed","template":"","meta":[],"product_brand":[364],"product_cat":[514],"product_tag":[560,559,673,557,611],"class_list":{"0":"post-1507","1":"product","2":"type-product","3":"status-publish","4":"has-post-thumbnail","6":"product_brand-bmw","7":"product_cat-bmw","8":"product_tag-1-zit","9":"product_tag-12v","10":"product_tag-bmw-gt-classic","11":"product_tag-kinderauto","12":"product_tag-white","14":"first","15":"instock","16":"sale","17":"taxable","18":"shipping-taxable","19":"purchasable","20":"product-type-simple"},"yoast_head":"<!-- This site is optimized with the Yoast SEO plugin v27.3 - https:\/\/yoast.com\/product\/yoast-seo-wordpress\/ -->\n<title>Battery car BMW GT 12 volt 2.4G remote control white - kinderenautos.be<\/title>\n<meta name=\"robots\" content=\"index, follow, max-snippet:-1, max-image-preview:large, max-video-preview:-1\" \/>\n<link rel=\"canonical\" href=\"https:\/\/kinderenautos.be\/fr\/produit\/battery-car-bmw-gt-12-volt-2-4g-remote-control-white\/\" \/>\n<meta property=\"og:locale\" content=\"fr_FR\" \/>\n<meta property=\"og:type\" content=\"article\" \/>\n<meta property=\"og:title\" content=\"Battery car BMW GT 12 volt 2.4G remote control white - kinderenautos.be\" \/>\n<meta property=\"og:description\" content=\"Battery car BMW GT 1 person, 12 volts with 2.4G remote control and slow start white  battery car  BMW is equipped with 2.4G remote control, this remote you can control the speed and the car has a slow start so slowly coming (children feel then give a shock at the gas) going more safety for your child. the BMW is metallic paint spray-painted and features a leatherette seat. These licensed-made BMW GT children&#039;s toy car battery is suitable for children from 3 years (for small parts)\" \/>\n<meta property=\"og:url\" content=\"https:\/\/kinderenautos.be\/fr\/produit\/battery-car-bmw-gt-12-volt-2-4g-remote-control-white\/\" \/>\n<meta property=\"og:site_name\" content=\"kinderenautos.be\" \/>\n<meta property=\"article:modified_time\" content=\"2025-12-15T13:53:25+00:00\" \/>\n<meta property=\"og:image\" content=\"https:\/\/kinderenautos.be\/wp-content\/uploads\/2025\/11\/accu-auto-bmw.jpg\" \/>\n\t<meta property=\"og:image:width\" content=\"2048\" \/>\n\t<meta property=\"og:image:height\" content=\"1458\" \/>\n\t<meta property=\"og:image:type\" content=\"image\/jpeg\" \/>\n<meta name=\"twitter:card\" content=\"summary_large_image\" \/>\n<script type=\"application\/ld+json\" class=\"yoast-schema-graph\">{\"@context\":\"https:\\\/\\\/schema.org\",\"@graph\":[{\"@type\":\"WebPage\",\"@id\":\"https:\\\/\\\/kinderenautos.be\\\/product\\\/battery-car-bmw-gt-12-volt-2-4g-remote-control-white\\\/\",\"url\":\"https:\\\/\\\/kinderenautos.be\\\/product\\\/battery-car-bmw-gt-12-volt-2-4g-remote-control-white\\\/\",\"name\":\"Battery car BMW GT 12 volt 2.4G remote control white - kinderenautos.be\",\"isPartOf\":{\"@id\":\"https:\\\/\\\/kinderenautos.be\\\/#website\"},\"primaryImageOfPage\":{\"@id\":\"https:\\\/\\\/kinderenautos.be\\\/product\\\/battery-car-bmw-gt-12-volt-2-4g-remote-control-white\\\/#primaryimage\"},\"image\":{\"@id\":\"https:\\\/\\\/kinderenautos.be\\\/product\\\/battery-car-bmw-gt-12-volt-2-4g-remote-control-white\\\/#primaryimage\"},\"thumbnailUrl\":\"https:\\\/\\\/kinderenautos.be\\\/wp-content\\\/uploads\\\/2025\\\/11\\\/accu-auto-bmw.jpg\",\"datePublished\":\"2025-11-21T19:46:45+00:00\",\"dateModified\":\"2025-12-15T13:53:25+00:00\",\"breadcrumb\":{\"@id\":\"https:\\\/\\\/kinderenautos.be\\\/product\\\/battery-car-bmw-gt-12-volt-2-4g-remote-control-white\\\/#breadcrumb\"},\"inLanguage\":\"fr-BE\",\"potentialAction\":[{\"@type\":\"ReadAction\",\"target\":[\"https:\\\/\\\/kinderenautos.be\\\/product\\\/battery-car-bmw-gt-12-volt-2-4g-remote-control-white\\\/\"]}]},{\"@type\":\"ImageObject\",\"inLanguage\":\"fr-BE\",\"@id\":\"https:\\\/\\\/kinderenautos.be\\\/product\\\/battery-car-bmw-gt-12-volt-2-4g-remote-control-white\\\/#primaryimage\",\"url\":\"https:\\\/\\\/kinderenautos.be\\\/wp-content\\\/uploads\\\/2025\\\/11\\\/accu-auto-bmw.jpg\",\"contentUrl\":\"https:\\\/\\\/kinderenautos.be\\\/wp-content\\\/uploads\\\/2025\\\/11\\\/accu-auto-bmw.jpg\",\"width\":2048,\"height\":1458},{\"@type\":\"BreadcrumbList\",\"@id\":\"https:\\\/\\\/kinderenautos.be\\\/product\\\/battery-car-bmw-gt-12-volt-2-4g-remote-control-white\\\/#breadcrumb\",\"itemListElement\":[{\"@type\":\"ListItem\",\"position\":1,\"name\":\"Home\",\"item\":\"https:\\\/\\\/kinderenautos.be\\\/\"},{\"@type\":\"ListItem\",\"position\":2,\"name\":\"Shop\",\"item\":\"https:\\\/\\\/kinderenautos.be\\\/shop\\\/\"},{\"@type\":\"ListItem\",\"position\":3,\"name\":\"Battery car BMW GT 12 volt 2.4G remote control white\"}]},{\"@type\":\"WebSite\",\"@id\":\"https:\\\/\\\/kinderenautos.be\\\/#website\",\"url\":\"https:\\\/\\\/kinderenautos.be\\\/\",\"name\":\"kinderenautos.be\",\"description\":\"\",\"potentialAction\":[{\"@type\":\"SearchAction\",\"target\":{\"@type\":\"EntryPoint\",\"urlTemplate\":\"https:\\\/\\\/kinderenautos.be\\\/?s={search_term_string}\"},\"query-input\":{\"@type\":\"PropertyValueSpecification\",\"valueRequired\":true,\"valueName\":\"search_term_string\"}}],\"inLanguage\":\"fr-BE\"}]}<\/script>\n<!-- \/ Yoast SEO plugin. -->","yoast_head_json":{"title":"Battery car BMW GT 12 volt 2.4G remote control white - kinderenautos.be","robots":{"index":"index","follow":"follow","max-snippet":"max-snippet:-1","max-image-preview":"max-image-preview:large","max-video-preview":"max-video-preview:-1"},"canonical":"https:\/\/kinderenautos.be\/fr\/produit\/battery-car-bmw-gt-12-volt-2-4g-remote-control-white\/","og_locale":"fr_FR","og_type":"article","og_title":"Battery car BMW GT 12 volt 2.4G remote control white - kinderenautos.be","og_description":"Battery car BMW GT 1 person, 12 volts with 2.4G remote control and slow start white  battery car  BMW is equipped with 2.4G remote control, this remote you can control the speed and the car has a slow start so slowly coming (children feel then give a shock at the gas) going more safety for your child. the BMW is metallic paint spray-painted and features a leatherette seat. These licensed-made BMW GT children's toy car battery is suitable for children from 3 years (for small parts)","og_url":"https:\/\/kinderenautos.be\/fr\/produit\/battery-car-bmw-gt-12-volt-2-4g-remote-control-white\/","og_site_name":"kinderenautos.be","article_modified_time":"2025-12-15T13:53:25+00:00","og_image":[{"width":2048,"height":1458,"url":"https:\/\/kinderenautos.be\/wp-content\/uploads\/2025\/11\/accu-auto-bmw.jpg","type":"image\/jpeg"}],"twitter_card":"summary_large_image","schema":{"@context":"https:\/\/schema.org","@graph":[{"@type":"WebPage","@id":"https:\/\/kinderenautos.be\/product\/battery-car-bmw-gt-12-volt-2-4g-remote-control-white\/","url":"https:\/\/kinderenautos.be\/product\/battery-car-bmw-gt-12-volt-2-4g-remote-control-white\/","name":"Battery car BMW GT 12 volt 2.4G remote control white - kinderenautos.be","isPartOf":{"@id":"https:\/\/kinderenautos.be\/#website"},"primaryImageOfPage":{"@id":"https:\/\/kinderenautos.be\/product\/battery-car-bmw-gt-12-volt-2-4g-remote-control-white\/#primaryimage"},"image":{"@id":"https:\/\/kinderenautos.be\/product\/battery-car-bmw-gt-12-volt-2-4g-remote-control-white\/#primaryimage"},"thumbnailUrl":"https:\/\/kinderenautos.be\/wp-content\/uploads\/2025\/11\/accu-auto-bmw.jpg","datePublished":"2025-11-21T19:46:45+00:00","dateModified":"2025-12-15T13:53:25+00:00","breadcrumb":{"@id":"https:\/\/kinderenautos.be\/product\/battery-car-bmw-gt-12-volt-2-4g-remote-control-white\/#breadcrumb"},"inLanguage":"fr-BE","potentialAction":[{"@type":"ReadAction","target":["https:\/\/kinderenautos.be\/product\/battery-car-bmw-gt-12-volt-2-4g-remote-control-white\/"]}]},{"@type":"ImageObject","inLanguage":"fr-BE","@id":"https:\/\/kinderenautos.be\/product\/battery-car-bmw-gt-12-volt-2-4g-remote-control-white\/#primaryimage","url":"https:\/\/kinderenautos.be\/wp-content\/uploads\/2025\/11\/accu-auto-bmw.jpg","contentUrl":"https:\/\/kinderenautos.be\/wp-content\/uploads\/2025\/11\/accu-auto-bmw.jpg","width":2048,"height":1458},{"@type":"BreadcrumbList","@id":"https:\/\/kinderenautos.be\/product\/battery-car-bmw-gt-12-volt-2-4g-remote-control-white\/#breadcrumb","itemListElement":[{"@type":"ListItem","position":1,"name":"Home","item":"https:\/\/kinderenautos.be\/"},{"@type":"ListItem","position":2,"name":"Shop","item":"https:\/\/kinderenautos.be\/shop\/"},{"@type":"ListItem","position":3,"name":"Battery car BMW GT 12 volt 2.4G remote control white"}]},{"@type":"WebSite","@id":"https:\/\/kinderenautos.be\/#website","url":"https:\/\/kinderenautos.be\/","name":"kinderenautos.be","description":"","potentialAction":[{"@type":"SearchAction","target":{"@type":"EntryPoint","urlTemplate":"https:\/\/kinderenautos.be\/?s={search_term_string}"},"query-input":{"@type":"PropertyValueSpecification","valueRequired":true,"valueName":"search_term_string"}}],"inLanguage":"fr-BE"}]}},"_links":{"self":[{"href":"https:\/\/kinderenautos.be\/fr\/wp-json\/wp\/v2\/product\/1507","targetHints":{"allow":["GET"]}}],"collection":[{"href":"https:\/\/kinderenautos.be\/fr\/wp-json\/wp\/v2\/product"}],"about":[{"href":"https:\/\/kinderenautos.be\/fr\/wp-json\/wp\/v2\/types\/product"}],"replies":[{"embeddable":true,"href":"https:\/\/kinderenautos.be\/fr\/wp-json\/wp\/v2\/comments?post=1507"}],"version-history":[{"count":0,"href":"https:\/\/kinderenautos.be\/fr\/wp-json\/wp\/v2\/product\/1507\/revisions"}],"wp:featuredmedia":[{"embeddable":true,"href":"https:\/\/kinderenautos.be\/fr\/wp-json\/wp\/v2\/media\/1506"}],"wp:attachment":[{"href":"https:\/\/kinderenautos.be\/fr\/wp-json\/wp\/v2\/media?parent=1507"}],"wp:term":[{"taxonomy":"product_brand","embeddable":true,"href":"https:\/\/kinderenautos.be\/fr\/wp-json\/wp\/v2\/product_brand?post=1507"},{"taxonomy":"product_cat","embeddable":true,"href":"https:\/\/kinderenautos.be\/fr\/wp-json\/wp\/v2\/product_cat?post=1507"},{"taxonomy":"product_tag","embeddable":true,"href":"https:\/\/kinderenautos.be\/fr\/wp-json\/wp\/v2\/product_tag?post=1507"}],"curies":[{"name":"wp","href":"https:\/\/api.w.org\/{rel}","templated":true}]}}