{"id":1498,"date":"2025-11-21T19:46:35","date_gmt":"2025-11-21T19:46:35","guid":{"rendered":"https:\/\/kinderenautos.be\/product\/kids-car-bmw-gt-12v-painting-black\/"},"modified":"2025-12-15T13:53:25","modified_gmt":"2025-12-15T13:53:25","slug":"kids-car-bmw-gt-12v-painting-black","status":"publish","type":"product","link":"https:\/\/kinderenautos.be\/fr\/produit\/kids-car-bmw-gt-12v-painting-black\/","title":{"rendered":"Voiture pour enfants BMW GT 12 V, peinture noire"},"content":{"rendered":"","protected":false},"excerpt":{"rendered":"<h2>Batterie pour voiture enfant BMW GT 1 personne, 12 volts avec t\u00e9l\u00e9commande 2,4 G et d\u00e9marrage lent<\/h2>\n<p><strong> BMW batterie jouet voiture enfant <\/strong> est \u00e9quip\u00e9e d'une t\u00e9l\u00e9commande 2,4 GHz qui vous permet de contr\u00f4ler la vitesse. La voiture d\u00e9marre lentement (les enfants ont alors l'impression d'\u00eatre surpris par l'acc\u00e9l\u00e9ration) pour plus de s\u00e9curit\u00e9. La BMW est peinte en couleur m\u00e9tallis\u00e9e et dispose d'un si\u00e8ge en similicuir. Ces voitures de course de licence sont fabriqu\u00e9es en Chine et sont donc tr\u00e8s r\u00e9sistantes. <strong> Jouet pour enfants BMW GT <\/strong> Convient aux enfants \u00e0 partir de 3 ans (en raison des petites pi\u00e8ces).<\/p>","protected":false},"featured_media":1497,"comment_status":"open","ping_status":"closed","template":"","meta":[],"product_brand":[364],"product_cat":[514],"product_tag":[560,559,673,557,563],"class_list":{"0":"post-1498","1":"product","2":"type-product","3":"status-publish","4":"has-post-thumbnail","6":"product_brand-bmw","7":"product_cat-bmw","8":"product_tag-1-zit","9":"product_tag-12v","10":"product_tag-bmw-gt-classic","11":"product_tag-kinderauto","12":"product_tag-metallic-black","14":"first","15":"instock","16":"sale","17":"taxable","18":"shipping-taxable","19":"purchasable","20":"product-type-simple"},"yoast_head":"<!-- This site is optimized with the Yoast SEO plugin v27.3 - https:\/\/yoast.com\/product\/yoast-seo-wordpress\/ -->\n<title>Kids car BMW GT 12V painting black - kinderenautos.be<\/title>\n<meta name=\"robots\" content=\"index, follow, max-snippet:-1, max-image-preview:large, max-video-preview:-1\" \/>\n<link rel=\"canonical\" href=\"https:\/\/kinderenautos.be\/fr\/produit\/kids-car-bmw-gt-12v-painting-black\/\" \/>\n<meta property=\"og:locale\" content=\"fr_FR\" \/>\n<meta property=\"og:type\" content=\"article\" \/>\n<meta property=\"og:title\" content=\"Kids car BMW GT 12V painting black - kinderenautos.be\" \/>\n<meta property=\"og:description\" content=\"Battery child car BMW GT 1 person, 12 volts with 2.4G remote control and slow start  BMW battery toy child car is equipped with 2.4G remote control, this remote you can speed control and the car has a slow start so slowly coming (children feel then give a shock at the gas) going more safety for your child. the BMW is painted in metallic paint color and has a leatherette seat. These licensed-made BMW GT kids toy is suitable for children from 3 years (for small parts)\" \/>\n<meta property=\"og:url\" content=\"https:\/\/kinderenautos.be\/fr\/produit\/kids-car-bmw-gt-12v-painting-black\/\" \/>\n<meta property=\"og:site_name\" content=\"kinderenautos.be\" \/>\n<meta property=\"article:modified_time\" content=\"2025-12-15T13:53:25+00:00\" \/>\n<meta property=\"og:image\" content=\"https:\/\/kinderenautos.be\/wp-content\/uploads\/2025\/11\/BMW-accu-speelgoedauto-kinderauto.jpg\" \/>\n\t<meta property=\"og:image:width\" content=\"2048\" \/>\n\t<meta property=\"og:image:height\" content=\"1522\" \/>\n\t<meta property=\"og:image:type\" content=\"image\/jpeg\" \/>\n<meta name=\"twitter:card\" content=\"summary_large_image\" \/>\n<script type=\"application\/ld+json\" class=\"yoast-schema-graph\">{\"@context\":\"https:\\\/\\\/schema.org\",\"@graph\":[{\"@type\":\"WebPage\",\"@id\":\"https:\\\/\\\/kinderenautos.be\\\/product\\\/kids-car-bmw-gt-12v-painting-black\\\/\",\"url\":\"https:\\\/\\\/kinderenautos.be\\\/product\\\/kids-car-bmw-gt-12v-painting-black\\\/\",\"name\":\"Kids car BMW GT 12V painting black - kinderenautos.be\",\"isPartOf\":{\"@id\":\"https:\\\/\\\/kinderenautos.be\\\/#website\"},\"primaryImageOfPage\":{\"@id\":\"https:\\\/\\\/kinderenautos.be\\\/product\\\/kids-car-bmw-gt-12v-painting-black\\\/#primaryimage\"},\"image\":{\"@id\":\"https:\\\/\\\/kinderenautos.be\\\/product\\\/kids-car-bmw-gt-12v-painting-black\\\/#primaryimage\"},\"thumbnailUrl\":\"https:\\\/\\\/kinderenautos.be\\\/wp-content\\\/uploads\\\/2025\\\/11\\\/BMW-accu-speelgoedauto-kinderauto.jpg\",\"datePublished\":\"2025-11-21T19:46:35+00:00\",\"dateModified\":\"2025-12-15T13:53:25+00:00\",\"breadcrumb\":{\"@id\":\"https:\\\/\\\/kinderenautos.be\\\/product\\\/kids-car-bmw-gt-12v-painting-black\\\/#breadcrumb\"},\"inLanguage\":\"fr-BE\",\"potentialAction\":[{\"@type\":\"ReadAction\",\"target\":[\"https:\\\/\\\/kinderenautos.be\\\/product\\\/kids-car-bmw-gt-12v-painting-black\\\/\"]}]},{\"@type\":\"ImageObject\",\"inLanguage\":\"fr-BE\",\"@id\":\"https:\\\/\\\/kinderenautos.be\\\/product\\\/kids-car-bmw-gt-12v-painting-black\\\/#primaryimage\",\"url\":\"https:\\\/\\\/kinderenautos.be\\\/wp-content\\\/uploads\\\/2025\\\/11\\\/BMW-accu-speelgoedauto-kinderauto.jpg\",\"contentUrl\":\"https:\\\/\\\/kinderenautos.be\\\/wp-content\\\/uploads\\\/2025\\\/11\\\/BMW-accu-speelgoedauto-kinderauto.jpg\",\"width\":2048,\"height\":1522},{\"@type\":\"BreadcrumbList\",\"@id\":\"https:\\\/\\\/kinderenautos.be\\\/product\\\/kids-car-bmw-gt-12v-painting-black\\\/#breadcrumb\",\"itemListElement\":[{\"@type\":\"ListItem\",\"position\":1,\"name\":\"Home\",\"item\":\"https:\\\/\\\/kinderenautos.be\\\/\"},{\"@type\":\"ListItem\",\"position\":2,\"name\":\"Shop\",\"item\":\"https:\\\/\\\/kinderenautos.be\\\/shop\\\/\"},{\"@type\":\"ListItem\",\"position\":3,\"name\":\"Kids car BMW GT 12V painting black\"}]},{\"@type\":\"WebSite\",\"@id\":\"https:\\\/\\\/kinderenautos.be\\\/#website\",\"url\":\"https:\\\/\\\/kinderenautos.be\\\/\",\"name\":\"kinderenautos.be\",\"description\":\"\",\"potentialAction\":[{\"@type\":\"SearchAction\",\"target\":{\"@type\":\"EntryPoint\",\"urlTemplate\":\"https:\\\/\\\/kinderenautos.be\\\/?s={search_term_string}\"},\"query-input\":{\"@type\":\"PropertyValueSpecification\",\"valueRequired\":true,\"valueName\":\"search_term_string\"}}],\"inLanguage\":\"fr-BE\"}]}<\/script>\n<!-- \/ Yoast SEO plugin. -->","yoast_head_json":{"title":"Kids car BMW GT 12V painting black - kinderenautos.be","robots":{"index":"index","follow":"follow","max-snippet":"max-snippet:-1","max-image-preview":"max-image-preview:large","max-video-preview":"max-video-preview:-1"},"canonical":"https:\/\/kinderenautos.be\/fr\/produit\/kids-car-bmw-gt-12v-painting-black\/","og_locale":"fr_FR","og_type":"article","og_title":"Kids car BMW GT 12V painting black - kinderenautos.be","og_description":"Battery child car BMW GT 1 person, 12 volts with 2.4G remote control and slow start  BMW battery toy child car is equipped with 2.4G remote control, this remote you can speed control and the car has a slow start so slowly coming (children feel then give a shock at the gas) going more safety for your child. the BMW is painted in metallic paint color and has a leatherette seat. These licensed-made BMW GT kids toy is suitable for children from 3 years (for small parts)","og_url":"https:\/\/kinderenautos.be\/fr\/produit\/kids-car-bmw-gt-12v-painting-black\/","og_site_name":"kinderenautos.be","article_modified_time":"2025-12-15T13:53:25+00:00","og_image":[{"width":2048,"height":1522,"url":"https:\/\/kinderenautos.be\/wp-content\/uploads\/2025\/11\/BMW-accu-speelgoedauto-kinderauto.jpg","type":"image\/jpeg"}],"twitter_card":"summary_large_image","schema":{"@context":"https:\/\/schema.org","@graph":[{"@type":"WebPage","@id":"https:\/\/kinderenautos.be\/product\/kids-car-bmw-gt-12v-painting-black\/","url":"https:\/\/kinderenautos.be\/product\/kids-car-bmw-gt-12v-painting-black\/","name":"Kids car BMW GT 12V painting black - kinderenautos.be","isPartOf":{"@id":"https:\/\/kinderenautos.be\/#website"},"primaryImageOfPage":{"@id":"https:\/\/kinderenautos.be\/product\/kids-car-bmw-gt-12v-painting-black\/#primaryimage"},"image":{"@id":"https:\/\/kinderenautos.be\/product\/kids-car-bmw-gt-12v-painting-black\/#primaryimage"},"thumbnailUrl":"https:\/\/kinderenautos.be\/wp-content\/uploads\/2025\/11\/BMW-accu-speelgoedauto-kinderauto.jpg","datePublished":"2025-11-21T19:46:35+00:00","dateModified":"2025-12-15T13:53:25+00:00","breadcrumb":{"@id":"https:\/\/kinderenautos.be\/product\/kids-car-bmw-gt-12v-painting-black\/#breadcrumb"},"inLanguage":"fr-BE","potentialAction":[{"@type":"ReadAction","target":["https:\/\/kinderenautos.be\/product\/kids-car-bmw-gt-12v-painting-black\/"]}]},{"@type":"ImageObject","inLanguage":"fr-BE","@id":"https:\/\/kinderenautos.be\/product\/kids-car-bmw-gt-12v-painting-black\/#primaryimage","url":"https:\/\/kinderenautos.be\/wp-content\/uploads\/2025\/11\/BMW-accu-speelgoedauto-kinderauto.jpg","contentUrl":"https:\/\/kinderenautos.be\/wp-content\/uploads\/2025\/11\/BMW-accu-speelgoedauto-kinderauto.jpg","width":2048,"height":1522},{"@type":"BreadcrumbList","@id":"https:\/\/kinderenautos.be\/product\/kids-car-bmw-gt-12v-painting-black\/#breadcrumb","itemListElement":[{"@type":"ListItem","position":1,"name":"Home","item":"https:\/\/kinderenautos.be\/"},{"@type":"ListItem","position":2,"name":"Shop","item":"https:\/\/kinderenautos.be\/shop\/"},{"@type":"ListItem","position":3,"name":"Kids car BMW GT 12V painting black"}]},{"@type":"WebSite","@id":"https:\/\/kinderenautos.be\/#website","url":"https:\/\/kinderenautos.be\/","name":"kinderenautos.be","description":"","potentialAction":[{"@type":"SearchAction","target":{"@type":"EntryPoint","urlTemplate":"https:\/\/kinderenautos.be\/?s={search_term_string}"},"query-input":{"@type":"PropertyValueSpecification","valueRequired":true,"valueName":"search_term_string"}}],"inLanguage":"fr-BE"}]}},"_links":{"self":[{"href":"https:\/\/kinderenautos.be\/fr\/wp-json\/wp\/v2\/product\/1498","targetHints":{"allow":["GET"]}}],"collection":[{"href":"https:\/\/kinderenautos.be\/fr\/wp-json\/wp\/v2\/product"}],"about":[{"href":"https:\/\/kinderenautos.be\/fr\/wp-json\/wp\/v2\/types\/product"}],"replies":[{"embeddable":true,"href":"https:\/\/kinderenautos.be\/fr\/wp-json\/wp\/v2\/comments?post=1498"}],"version-history":[{"count":0,"href":"https:\/\/kinderenautos.be\/fr\/wp-json\/wp\/v2\/product\/1498\/revisions"}],"wp:featuredmedia":[{"embeddable":true,"href":"https:\/\/kinderenautos.be\/fr\/wp-json\/wp\/v2\/media\/1497"}],"wp:attachment":[{"href":"https:\/\/kinderenautos.be\/fr\/wp-json\/wp\/v2\/media?parent=1498"}],"wp:term":[{"taxonomy":"product_brand","embeddable":true,"href":"https:\/\/kinderenautos.be\/fr\/wp-json\/wp\/v2\/product_brand?post=1498"},{"taxonomy":"product_cat","embeddable":true,"href":"https:\/\/kinderenautos.be\/fr\/wp-json\/wp\/v2\/product_cat?post=1498"},{"taxonomy":"product_tag","embeddable":true,"href":"https:\/\/kinderenautos.be\/fr\/wp-json\/wp\/v2\/product_tag?post=1498"}],"curies":[{"name":"wp","href":"https:\/\/api.w.org\/{rel}","templated":true}]}}